{"id":5358,"date":"2025-05-29T10:23:08","date_gmt":"2025-05-29T10:23:08","guid":{"rendered":"https:\/\/leadnow.ch\/les-solutions\/conseil-en-rh\/"},"modified":"2025-05-29T11:19:10","modified_gmt":"2025-05-29T11:19:10","slug":"conseil-en-rh","status":"publish","type":"page","link":"https:\/\/leadnow.ch\/fr\/les-solutions\/conseil-en-rh\/","title":{"rendered":"Conseil en RH"},"content":{"rendered":"\t\t<div data-elementor-type=\"wp-page\" data-elementor-id=\"5358\" class=\"elementor elementor-5358 elementor-5325\" data-elementor-post-type=\"page\">\n\t\t\t\t<div class=\"elementor-element elementor-element-7daa27bb page-title-area e-flex e-con-boxed e-con e-parent\" data-id=\"7daa27bb\" data-element_type=\"container\" data-e-type=\"container\" data-settings=\"{&quot;background_background&quot;:&quot;gradient&quot;}\">\n\t\t\t\t\t<div class=\"e-con-inner\">\n\t\t\t\t<div class=\"elementor-element elementor-element-3313b618 elementor-widget__width-initial elementor-widget elementor-widget-heading\" data-id=\"3313b618\" data-element_type=\"widget\" data-e-type=\"widget\" data-widget_type=\"heading.default\">\n\t\t\t\t<div class=\"elementor-widget-container\">\n\t\t\t\t\t<h1 class=\"elementor-heading-title elementor-size-default\">Conseil en RH<\/h1>\t\t\t\t<\/div>\n\t\t\t\t<\/div>\n\t\t\t\t\t<\/div>\n\t\t\t\t<\/div>\n\t\t<div class=\"elementor-element elementor-element-607e521 e-flex e-con-boxed e-con e-parent\" data-id=\"607e521\" data-element_type=\"container\" data-e-type=\"container\" data-settings=\"{&quot;background_background&quot;:&quot;classic&quot;}\">\n\t\t\t\t\t<div class=\"e-con-inner\">\n\t\t<div class=\"elementor-element elementor-element-9f6885c e-con-full e-flex e-con e-child\" data-id=\"9f6885c\" data-element_type=\"container\" data-e-type=\"container\">\n\t\t\t\t<div class=\"elementor-element elementor-element-a312643 elementor-widget elementor-widget-image\" data-id=\"a312643\" data-element_type=\"widget\" data-e-type=\"widget\" data-widget_type=\"image.default\">\n\t\t\t\t<div class=\"elementor-widget-container\">\n\t\t\t\t\t\t\t\t\t\t\t\t\t\t\t<img fetchpriority=\"high\" decoding=\"async\" width=\"720\" height=\"720\" src=\"https:\/\/leadnow.ch\/wp-content\/uploads\/2025\/04\/83f87666.png\" class=\"attachment-large size-large wp-image-4921\" alt=\"\" srcset=\"https:\/\/leadnow.ch\/wp-content\/uploads\/2025\/04\/83f87666.png 720w, https:\/\/leadnow.ch\/wp-content\/uploads\/2025\/04\/83f87666-360x360.png 360w\" sizes=\"(max-width: 720px) 100vw, 720px\" loading=\"eager\" \/>\t\t\t\t\t\t\t\t\t\t\t\t\t\t\t<\/div>\n\t\t\t\t<\/div>\n\t\t\t\t<\/div>\n\t\t<div class=\"elementor-element elementor-element-21aed1b e-con-full e-flex e-con e-child\" data-id=\"21aed1b\" data-element_type=\"container\" data-e-type=\"container\">\n\t\t<div class=\"elementor-element elementor-element-29023b0 e-con-full e-flex e-con e-child\" data-id=\"29023b0\" data-element_type=\"container\" data-e-type=\"container\">\n\t\t\t\t<div class=\"elementor-element elementor-element-c78f528 elementor-widget elementor-widget-text-editor\" data-id=\"c78f528\" data-element_type=\"widget\" data-e-type=\"widget\" data-widget_type=\"text-editor.default\">\n\t\t\t\t<div class=\"elementor-widget-container\">\n\t\t\t\t\t\t\t\t\t<p>Nous soutenons les RH &#8211; que vous ayez besoin d&rsquo;un accompagnement dans les processus de transformation ou d&rsquo;un conseil ponctuel sur des th\u00e8mes RH individuels.<\/p>\n\t\t\t\t\t\t\t\t<\/div>\n\t\t\t\t<\/div>\n\t\t\t\t<div class=\"elementor-element elementor-element-f97042c elementor-widget elementor-widget-text-editor\" data-id=\"f97042c\" data-element_type=\"widget\" data-e-type=\"widget\" data-widget_type=\"text-editor.default\">\n\t\t\t\t<div class=\"elementor-widget-container\">\n\t\t\t\t\t\t\t\t\t<p><strong>Ce que nous proposons :<\/strong><br \/><strong>1. Conseil en strat\u00e9gie RH<\/strong> &#8211; pour une strat\u00e9gie RH en accord avec les objectifs de l&rsquo;entreprise.<br \/><strong>2. Conseil RH<\/strong> &#8211; pour un regard ext\u00e9rieur, nous sommes des sparring-partners de confiance afin que les RH puissent se positionner intelligemment.<br \/><strong>3. Soutien RH<\/strong> &#8211; pour une d\u00e9charge op\u00e9rationnelle de toutes les t\u00e2ches RH li\u00e9es \u00e0 l&rsquo;ensemble du cycle de vie de l&#8217;employeur.<br \/><strong>4. D\u00e9veloppement d&rsquo;\u00e9quipes RH<\/strong> &#8211; Les \u00e9quipes RH se distinguent de toutes les autres \u00e9quipes de l&rsquo;entreprise. En effet, elles sont souvent elles-m\u00eames des professionnelles du d\u00e9veloppement d&rsquo;\u00e9quipe. Cela pr\u00e9sente des avantages et des inconv\u00e9nients lorsqu&rsquo;il s&rsquo;agit de leur propre d\u00e9veloppement.<\/p>\n\t\t\t\t\t\t\t\t<\/div>\n\t\t\t\t<\/div>\n\t\t\t\t<div class=\"elementor-element elementor-element-d2e7f8a elementor-widget elementor-widget-text-editor\" data-id=\"d2e7f8a\" data-element_type=\"widget\" data-e-type=\"widget\" data-widget_type=\"text-editor.default\">\n\t\t\t\t<div class=\"elementor-widget-container\">\n\t\t\t\t\t\t\t\t\t<p>Les personnes RH sont nos complices internes dans les processus de transformation et le d\u00e9veloppement du leadership. Avec ces offres, nous veillons \u00e0 ce que les RH puissent bien se positionner et grandir gr\u00e2ce aux changements.<\/p>\n\t\t\t\t\t\t\t\t<\/div>\n\t\t\t\t<\/div>\n\t\t\t\t<\/div>\n\t\t<div class=\"elementor-element elementor-element-b6be114 e-flex e-con-boxed e-con e-child\" data-id=\"b6be114\" data-element_type=\"container\" data-e-type=\"container\">\n\t\t\t\t\t<div class=\"e-con-inner\">\n\t\t\t\t<div class=\"elementor-element elementor-element-94d9ea3 elementor-align-justify elementor-widget__width-inherit elementor-widget elementor-widget-button\" data-id=\"94d9ea3\" data-element_type=\"widget\" data-e-type=\"widget\" data-widget_type=\"button.default\">\n\t\t\t\t<div class=\"elementor-widget-container\">\n\t\t\t\t\t\t\t\t\t<div class=\"elementor-button-wrapper\">\n\t\t\t\t\t<a class=\"elementor-button elementor-button-link elementor-size-sm\" href=\"https:\/\/leadnow.ch\/fr\/les-solutions\/\">\n\t\t\t\t\t\t<span class=\"elementor-button-content-wrapper\">\n\t\t\t\t\t\t\t\t\t<span class=\"elementor-button-text\">Solutions<\/span>\n\t\t\t\t\t<\/span>\n\t\t\t\t\t<\/a>\n\t\t\t\t<\/div>\n\t\t\t\t\t\t\t\t<\/div>\n\t\t\t\t<\/div>\n\t\t\t\t<div class=\"elementor-element elementor-element-7746d4e elementor-align-justify elementor-widget__width-inherit elementor-widget elementor-widget-button\" data-id=\"7746d4e\" data-element_type=\"widget\" data-e-type=\"widget\" data-widget_type=\"button.default\">\n\t\t\t\t<div class=\"elementor-widget-container\">\n\t\t\t\t\t\t\t\t\t<div class=\"elementor-button-wrapper\">\n\t\t\t\t\t<a class=\"elementor-button elementor-button-link elementor-size-sm\" href=\"https:\/\/leadnow.ch\/fr\/contact\/\">\n\t\t\t\t\t\t<span class=\"elementor-button-content-wrapper\">\n\t\t\t\t\t\t\t\t\t<span class=\"elementor-button-text\">Contact<\/span>\n\t\t\t\t\t<\/span>\n\t\t\t\t\t<\/a>\n\t\t\t\t<\/div>\n\t\t\t\t\t\t\t\t<\/div>\n\t\t\t\t<\/div>\n\t\t\t\t\t<\/div>\n\t\t\t\t<\/div>\n\t\t\t\t<\/div>\n\t\t\t\t\t<\/div>\n\t\t\t\t<\/div>\n\t\t\t\t<\/div>\n\t\t","protected":false},"excerpt":{"rendered":"<p>Nous soutenons les RH &#8211; que vous ayez besoin d&rsquo;un accompagnement dans les processus de transformation ou d&rsquo;un conseil ponctuel sur des th\u00e8mes RH individuels. Ce que nous proposons :1. Conseil en strat\u00e9gie RH &#8211; pour une strat\u00e9gie RH en accord avec les objectifs de l&rsquo;entreprise.2. Conseil RH &#8211; pour un regard ext\u00e9rieur, nous sommes [&hellip;]<\/p>\n","protected":false},"author":1,"featured_media":0,"parent":2264,"menu_order":0,"comment_status":"closed","ping_status":"closed","template":"","meta":{"_acf_changed":false,"footnotes":""},"class_list":["post-5358","page","type-page","status-publish","hentry"],"blocksy_meta":[],"acf":[],"_links":{"self":[{"href":"https:\/\/leadnow.ch\/fr\/wp-json\/wp\/v2\/pages\/5358","targetHints":{"allow":["GET"]}}],"collection":[{"href":"https:\/\/leadnow.ch\/fr\/wp-json\/wp\/v2\/pages"}],"about":[{"href":"https:\/\/leadnow.ch\/fr\/wp-json\/wp\/v2\/types\/page"}],"author":[{"embeddable":true,"href":"https:\/\/leadnow.ch\/fr\/wp-json\/wp\/v2\/users\/1"}],"replies":[{"embeddable":true,"href":"https:\/\/leadnow.ch\/fr\/wp-json\/wp\/v2\/comments?post=5358"}],"version-history":[{"count":1,"href":"https:\/\/leadnow.ch\/fr\/wp-json\/wp\/v2\/pages\/5358\/revisions"}],"predecessor-version":[{"id":5359,"href":"https:\/\/leadnow.ch\/fr\/wp-json\/wp\/v2\/pages\/5358\/revisions\/5359"}],"up":[{"embeddable":true,"href":"https:\/\/leadnow.ch\/fr\/wp-json\/wp\/v2\/pages\/2264"}],"wp:attachment":[{"href":"https:\/\/leadnow.ch\/fr\/wp-json\/wp\/v2\/media?parent=5358"}],"curies":[{"name":"wp","href":"https:\/\/api.w.org\/{rel}","templated":true}]}}