{"id":2286,"date":"2024-08-28T13:25:03","date_gmt":"2024-08-28T13:25:03","guid":{"rendered":"https:\/\/leadnow.ch\/les-solutions\/enquetes\/"},"modified":"2025-04-14T08:16:56","modified_gmt":"2025-04-14T08:16:56","slug":"enquetes","status":"publish","type":"page","link":"https:\/\/leadnow.ch\/fr\/les-solutions\/enquetes\/","title":{"rendered":"Enqu\u00eates"},"content":{"rendered":"\t\t<div data-elementor-type=\"wp-page\" data-elementor-id=\"2286\" class=\"elementor elementor-2286 elementor-975\" data-elementor-post-type=\"page\">\n\t\t\t\t<div class=\"elementor-element elementor-element-aad1b23 page-title-area e-flex e-con-boxed e-con e-parent\" data-id=\"aad1b23\" data-element_type=\"container\" data-e-type=\"container\" data-settings=\"{&quot;background_background&quot;:&quot;gradient&quot;}\">\n\t\t\t\t\t<div class=\"e-con-inner\">\n\t\t\t\t<div class=\"elementor-element elementor-element-757bf1f elementor-widget__width-initial elementor-widget elementor-widget-heading\" data-id=\"757bf1f\" data-element_type=\"widget\" data-e-type=\"widget\" data-widget_type=\"heading.default\">\n\t\t\t\t<div class=\"elementor-widget-container\">\n\t\t\t\t\t<h1 class=\"elementor-heading-title elementor-size-default\">Enqu\u00eates<\/h1>\t\t\t\t<\/div>\n\t\t\t\t<\/div>\n\t\t\t\t\t<\/div>\n\t\t\t\t<\/div>\n\t\t<div class=\"elementor-element elementor-element-a40ac5a e-flex e-con-boxed e-con e-parent\" data-id=\"a40ac5a\" data-element_type=\"container\" data-e-type=\"container\" data-settings=\"{&quot;background_background&quot;:&quot;classic&quot;}\">\n\t\t\t\t\t<div class=\"e-con-inner\">\n\t\t<div class=\"elementor-element elementor-element-fa18d66 e-con-full e-flex e-con e-child\" data-id=\"fa18d66\" data-element_type=\"container\" data-e-type=\"container\">\n\t\t\t\t<div class=\"elementor-element elementor-element-d980c70 elementor-widget elementor-widget-image\" data-id=\"d980c70\" data-element_type=\"widget\" data-e-type=\"widget\" data-widget_type=\"image.default\">\n\t\t\t\t<div class=\"elementor-widget-container\">\n\t\t\t\t\t\t\t\t\t\t\t\t\t\t\t<img fetchpriority=\"high\" decoding=\"async\" width=\"768\" height=\"768\" src=\"https:\/\/leadnow.ch\/wp-content\/uploads\/2025\/04\/48911397-768x768.png\" class=\"attachment-medium_large size-medium_large wp-image-4837\" alt=\"\" srcset=\"https:\/\/leadnow.ch\/wp-content\/uploads\/2025\/04\/48911397-768x768.png 768w, https:\/\/leadnow.ch\/wp-content\/uploads\/2025\/04\/48911397-720x720.png 720w, https:\/\/leadnow.ch\/wp-content\/uploads\/2025\/04\/48911397-360x360.png 360w, https:\/\/leadnow.ch\/wp-content\/uploads\/2025\/04\/48911397.png 1024w\" sizes=\"(max-width: 768px) 100vw, 768px\" loading=\"eager\" \/>\t\t\t\t\t\t\t\t\t\t\t\t\t\t\t<\/div>\n\t\t\t\t<\/div>\n\t\t\t\t<\/div>\n\t\t<div class=\"elementor-element elementor-element-3effa23 e-con-full e-flex e-con e-child\" data-id=\"3effa23\" data-element_type=\"container\" data-e-type=\"container\">\n\t\t\t\t<div class=\"elementor-element elementor-element-975b9ae elementor-widget elementor-widget-heading\" data-id=\"975b9ae\" data-element_type=\"widget\" data-e-type=\"widget\" data-widget_type=\"heading.default\">\n\t\t\t\t<div class=\"elementor-widget-container\">\n\t\t\t\t\t<h2 class=\"elementor-heading-title elementor-size-default\">Hi\u00e9rarchie des valeurs<\/h2>\t\t\t\t<\/div>\n\t\t\t\t<\/div>\n\t\t<div class=\"elementor-element elementor-element-d9eabae e-flex e-con-boxed e-con e-child\" data-id=\"d9eabae\" data-element_type=\"container\" data-e-type=\"container\">\n\t\t\t\t\t<div class=\"e-con-inner\">\n\t\t\t\t<div class=\"elementor-element elementor-element-c62d911 elementor-widget elementor-widget-text-editor\" data-id=\"c62d911\" data-element_type=\"widget\" data-e-type=\"widget\" data-widget_type=\"text-editor.default\">\n\t\t\t\t<div class=\"elementor-widget-container\">\n\t\t\t\t\t\t\t\t\t<p>Les dirigeants efficaces connaissent leurs valeurs. Il ne s&rsquo;agit pas tant de savoir quelles valeurs sont importantes pour soi, mais quelles valeurs s&rsquo;imposent lorsque les choses deviennent difficiles.<\/p><p>Quelqu&rsquo;un qui conna\u00eet parfaitement sa hi\u00e9rarchie des valeurs gagne en clart\u00e9 sur son r\u00f4le, car il peut clairement s\u00e9parer ses propres besoins de ceux de l&rsquo;organisation.<\/p><p>Pour conna\u00eetre votre hi\u00e9rarchie des valeurs, participez \u00e0 cette enqu\u00eate gratuite. Vous recevrez les r\u00e9sultats imm\u00e9diatement.<\/p>\t\t\t\t\t\t\t\t<\/div>\n\t\t\t\t<\/div>\n\t\t\t\t\t<\/div>\n\t\t\t\t<\/div>\n\t\t<div class=\"elementor-element elementor-element-beebf3b e-flex e-con-boxed e-con e-child\" data-id=\"beebf3b\" data-element_type=\"container\" data-e-type=\"container\">\n\t\t\t\t\t<div class=\"e-con-inner\">\n\t\t\t\t<div class=\"elementor-element elementor-element-b5c0ebb elementor-align-justify elementor-widget__width-inherit elementor-widget elementor-widget-button\" data-id=\"b5c0ebb\" data-element_type=\"widget\" data-e-type=\"widget\" data-widget_type=\"button.default\">\n\t\t\t\t<div class=\"elementor-widget-container\">\n\t\t\t\t\t\t\t\t\t<div class=\"elementor-button-wrapper\">\n\t\t\t\t\t<a class=\"elementor-button elementor-button-link elementor-size-sm\" href=\"https:\/\/leadnow.ch\/fr\/les-solutions\/\">\n\t\t\t\t\t\t<span class=\"elementor-button-content-wrapper\">\n\t\t\t\t\t\t\t\t\t<span class=\"elementor-button-text\">Solutions<\/span>\n\t\t\t\t\t<\/span>\n\t\t\t\t\t<\/a>\n\t\t\t\t<\/div>\n\t\t\t\t\t\t\t\t<\/div>\n\t\t\t\t<\/div>\n\t\t\t\t<div class=\"elementor-element elementor-element-318594d elementor-align-justify elementor-widget__width-inherit elementor-widget elementor-widget-button\" data-id=\"318594d\" data-element_type=\"widget\" data-e-type=\"widget\" data-widget_type=\"button.default\">\n\t\t\t\t<div class=\"elementor-widget-container\">\n\t\t\t\t\t\t\t\t\t<div class=\"elementor-button-wrapper\">\n\t\t\t\t\t<a class=\"elementor-button elementor-button-link elementor-size-sm\" href=\"https:\/\/leadnow.limesurvey.net\/451351?lang=de-easy\" target=\"_blank\" rel=\"noopener\">\n\t\t\t\t\t\t<span class=\"elementor-button-content-wrapper\">\n\t\t\t\t\t\t\t\t\t<span class=\"elementor-button-text\">Remplir le sondage <\/span>\n\t\t\t\t\t<\/span>\n\t\t\t\t\t<\/a>\n\t\t\t\t<\/div>\n\t\t\t\t\t\t\t\t<\/div>\n\t\t\t\t<\/div>\n\t\t\t\t\t<\/div>\n\t\t\t\t<\/div>\n\t\t\t\t<\/div>\n\t\t\t\t\t<\/div>\n\t\t\t\t<\/div>\n\t\t<div class=\"elementor-element elementor-element-0d3af65 e-flex e-con-boxed e-con e-parent\" data-id=\"0d3af65\" data-element_type=\"container\" data-e-type=\"container\" data-settings=\"{&quot;background_background&quot;:&quot;classic&quot;}\">\n\t\t\t\t\t<div class=\"e-con-inner\">\n\t\t\t\t<div class=\"elementor-element elementor-element-30833c3 elementor-widget-divider--view-line elementor-widget elementor-widget-divider\" data-id=\"30833c3\" data-element_type=\"widget\" data-e-type=\"widget\" data-widget_type=\"divider.default\">\n\t\t\t\t<div class=\"elementor-widget-container\">\n\t\t\t\t\t\t\t<div class=\"elementor-divider\">\n\t\t\t<span class=\"elementor-divider-separator\">\n\t\t\t\t\t\t<\/span>\n\t\t<\/div>\n\t\t\t\t\t\t<\/div>\n\t\t\t\t<\/div>\n\t\t\t\t\t<\/div>\n\t\t\t\t<\/div>\n\t\t<div class=\"elementor-element elementor-element-9ecc659 e-flex e-con-boxed e-con e-parent\" data-id=\"9ecc659\" data-element_type=\"container\" data-e-type=\"container\" data-settings=\"{&quot;background_background&quot;:&quot;classic&quot;}\">\n\t\t\t\t\t<div class=\"e-con-inner\">\n\t\t<div class=\"elementor-element elementor-element-dfc7c8c e-con-full e-flex e-con e-child\" data-id=\"dfc7c8c\" data-element_type=\"container\" data-e-type=\"container\">\n\t\t\t\t<div class=\"elementor-element elementor-element-02a0268 elementor-widget elementor-widget-image\" data-id=\"02a0268\" data-element_type=\"widget\" data-e-type=\"widget\" data-widget_type=\"image.default\">\n\t\t\t\t<div class=\"elementor-widget-container\">\n\t\t\t\t\t\t\t\t\t\t\t\t\t\t\t<img decoding=\"async\" width=\"768\" height=\"768\" src=\"https:\/\/leadnow.ch\/wp-content\/uploads\/2025\/04\/942ec99f-768x768.png\" class=\"attachment-medium_large size-medium_large wp-image-4840\" alt=\"\" srcset=\"https:\/\/leadnow.ch\/wp-content\/uploads\/2025\/04\/942ec99f-768x768.png 768w, https:\/\/leadnow.ch\/wp-content\/uploads\/2025\/04\/942ec99f-720x720.png 720w, https:\/\/leadnow.ch\/wp-content\/uploads\/2025\/04\/942ec99f-360x360.png 360w, https:\/\/leadnow.ch\/wp-content\/uploads\/2025\/04\/942ec99f.png 1024w\" sizes=\"(max-width: 768px) 100vw, 768px\" loading=\"eager\" \/>\t\t\t\t\t\t\t\t\t\t\t\t\t\t\t<\/div>\n\t\t\t\t<\/div>\n\t\t\t\t<\/div>\n\t\t<div class=\"elementor-element elementor-element-d31b4e1 e-con-full e-flex e-con e-child\" data-id=\"d31b4e1\" data-element_type=\"container\" data-e-type=\"container\">\n\t\t\t\t<div class=\"elementor-element elementor-element-d0cdeb2 elementor-widget elementor-widget-heading\" data-id=\"d0cdeb2\" data-element_type=\"widget\" data-e-type=\"widget\" data-widget_type=\"heading.default\">\n\t\t\t\t<div class=\"elementor-widget-container\">\n\t\t\t\t\t<h2 class=\"elementor-heading-title elementor-size-default\">Contr\u00f4le de la relation de travail<\/h2>\t\t\t\t<\/div>\n\t\t\t\t<\/div>\n\t\t\t\t<div class=\"elementor-element elementor-element-84f8e82 elementor-widget elementor-widget-text-editor\" data-id=\"84f8e82\" data-element_type=\"widget\" data-e-type=\"widget\" data-widget_type=\"text-editor.default\">\n\t\t\t\t<div class=\"elementor-widget-container\">\n\t\t\t\t\t\t\t\t\t<p>La plupart des gens passent une grande partie du meilleur moment de leur vie au travail. La relation au travail est aussi influente que le partenariat ou les amiti\u00e9s. Si vous vivez votre relation au travail de mani\u00e8re trop n\u00e9gative, vous pouvez y rem\u00e9dier.<\/p><p>Le bilan de la relation de travail est le premier pas dans cette direction. Il attire l&rsquo;attention sur des aspects importants et donne, en fonction des r\u00e9sultats, diff\u00e9rents conseils pour que le temps de travail soit per\u00e7u comme un temps utile dans la vie.<\/p><p>L&rsquo;enqu\u00eate est gratuite. Participez d\u00e8s maintenant et recevez imm\u00e9diatement les r\u00e9sultats.<\/p>\t\t\t\t\t\t\t\t<\/div>\n\t\t\t\t<\/div>\n\t\t<div class=\"elementor-element elementor-element-e6b6c9a e-flex e-con-boxed e-con e-child\" data-id=\"e6b6c9a\" data-element_type=\"container\" data-e-type=\"container\">\n\t\t\t\t\t<div class=\"e-con-inner\">\n\t\t\t\t<div class=\"elementor-element elementor-element-8dfd0b2 elementor-align-justify elementor-widget__width-inherit elementor-widget elementor-widget-button\" data-id=\"8dfd0b2\" data-element_type=\"widget\" data-e-type=\"widget\" data-widget_type=\"button.default\">\n\t\t\t\t<div class=\"elementor-widget-container\">\n\t\t\t\t\t\t\t\t\t<div class=\"elementor-button-wrapper\">\n\t\t\t\t\t<a class=\"elementor-button elementor-button-link elementor-size-sm\" href=\"https:\/\/leadnow.ch\/fr\/les-solutions\/\">\n\t\t\t\t\t\t<span class=\"elementor-button-content-wrapper\">\n\t\t\t\t\t\t\t\t\t<span class=\"elementor-button-text\">Solutions<\/span>\n\t\t\t\t\t<\/span>\n\t\t\t\t\t<\/a>\n\t\t\t\t<\/div>\n\t\t\t\t\t\t\t\t<\/div>\n\t\t\t\t<\/div>\n\t\t\t\t<div class=\"elementor-element elementor-element-033ba7c elementor-align-justify elementor-widget__width-inherit elementor-widget elementor-widget-button\" data-id=\"033ba7c\" data-element_type=\"widget\" data-e-type=\"widget\" data-widget_type=\"button.default\">\n\t\t\t\t<div class=\"elementor-widget-container\">\n\t\t\t\t\t\t\t\t\t<div class=\"elementor-button-wrapper\">\n\t\t\t\t\t<a class=\"elementor-button elementor-button-link elementor-size-sm\" href=\"https:\/\/leadnow.limesurvey.net\/491897?lang=de\" target=\"_blank\" rel=\"noopener\">\n\t\t\t\t\t\t<span class=\"elementor-button-content-wrapper\">\n\t\t\t\t\t\t\t\t\t<span class=\"elementor-button-text\">Remplir le sondage <\/span>\n\t\t\t\t\t<\/span>\n\t\t\t\t\t<\/a>\n\t\t\t\t<\/div>\n\t\t\t\t\t\t\t\t<\/div>\n\t\t\t\t<\/div>\n\t\t\t\t\t<\/div>\n\t\t\t\t<\/div>\n\t\t\t\t<\/div>\n\t\t\t\t\t<\/div>\n\t\t\t\t<\/div>\n\t\t\t\t<\/div>\n\t\t","protected":false},"excerpt":{"rendered":"<p>Hi\u00e9rarchie des valeurs Les dirigeants efficaces connaissent leurs valeurs. Il ne s&rsquo;agit pas tant de savoir quelles valeurs sont importantes pour soi, mais quelles valeurs s&rsquo;imposent lorsque les choses deviennent difficiles. Quelqu&rsquo;un qui conna\u00eet parfaitement sa hi\u00e9rarchie des valeurs gagne en clart\u00e9 sur son r\u00f4le, car il peut clairement s\u00e9parer ses propres besoins de ceux [&hellip;]<\/p>\n","protected":false},"author":1,"featured_media":0,"parent":2264,"menu_order":0,"comment_status":"closed","ping_status":"closed","template":"","meta":{"_acf_changed":false,"footnotes":""},"class_list":["post-2286","page","type-page","status-publish","hentry"],"blocksy_meta":[],"acf":[],"_links":{"self":[{"href":"https:\/\/leadnow.ch\/fr\/wp-json\/wp\/v2\/pages\/2286","targetHints":{"allow":["GET"]}}],"collection":[{"href":"https:\/\/leadnow.ch\/fr\/wp-json\/wp\/v2\/pages"}],"about":[{"href":"https:\/\/leadnow.ch\/fr\/wp-json\/wp\/v2\/types\/page"}],"author":[{"embeddable":true,"href":"https:\/\/leadnow.ch\/fr\/wp-json\/wp\/v2\/users\/1"}],"replies":[{"embeddable":true,"href":"https:\/\/leadnow.ch\/fr\/wp-json\/wp\/v2\/comments?post=2286"}],"version-history":[{"count":0,"href":"https:\/\/leadnow.ch\/fr\/wp-json\/wp\/v2\/pages\/2286\/revisions"}],"up":[{"embeddable":true,"href":"https:\/\/leadnow.ch\/fr\/wp-json\/wp\/v2\/pages\/2264"}],"wp:attachment":[{"href":"https:\/\/leadnow.ch\/fr\/wp-json\/wp\/v2\/media?parent=2286"}],"curies":[{"name":"wp","href":"https:\/\/api.w.org\/{rel}","templated":true}]}}