{"id":2284,"date":"2024-08-28T13:06:43","date_gmt":"2024-08-28T13:06:43","guid":{"rendered":"https:\/\/leadnow.ch\/les-solutions\/moderation-de-retraites\/"},"modified":"2025-04-11T15:32:39","modified_gmt":"2025-04-11T15:32:39","slug":"moderation-de-retraites","status":"publish","type":"page","link":"https:\/\/leadnow.ch\/fr\/les-solutions\/moderation-de-retraites\/","title":{"rendered":"Mod\u00e9ration de retraites"},"content":{"rendered":"\t\t<div data-elementor-type=\"wp-page\" data-elementor-id=\"2284\" class=\"elementor elementor-2284 elementor-963\" data-elementor-post-type=\"page\">\n\t\t\t\t<div class=\"elementor-element elementor-element-be54ef5 page-title-area e-flex e-con-boxed e-con e-parent\" data-id=\"be54ef5\" data-element_type=\"container\" data-e-type=\"container\" data-settings=\"{&quot;background_background&quot;:&quot;gradient&quot;}\">\n\t\t\t\t\t<div class=\"e-con-inner\">\n\t\t\t\t<div class=\"elementor-element elementor-element-3f758f9 elementor-widget__width-initial elementor-widget elementor-widget-heading\" data-id=\"3f758f9\" data-element_type=\"widget\" data-e-type=\"widget\" data-widget_type=\"heading.default\">\n\t\t\t\t<div class=\"elementor-widget-container\">\n\t\t\t\t\t<h1 class=\"elementor-heading-title elementor-size-default\">Mod\u00e9ration de retraites<\/h1>\t\t\t\t<\/div>\n\t\t\t\t<\/div>\n\t\t\t\t\t<\/div>\n\t\t\t\t<\/div>\n\t\t<div class=\"elementor-element elementor-element-9b326fd e-flex e-con-boxed e-con e-parent\" data-id=\"9b326fd\" data-element_type=\"container\" data-e-type=\"container\" data-settings=\"{&quot;background_background&quot;:&quot;classic&quot;}\">\n\t\t\t\t\t<div class=\"e-con-inner\">\n\t\t<div class=\"elementor-element elementor-element-4c12d8e e-con-full e-flex e-con e-child\" data-id=\"4c12d8e\" data-element_type=\"container\" data-e-type=\"container\">\n\t\t\t\t<div class=\"elementor-element elementor-element-852a94a elementor-widget elementor-widget-image\" data-id=\"852a94a\" data-element_type=\"widget\" data-e-type=\"widget\" data-widget_type=\"image.default\">\n\t\t\t\t<div class=\"elementor-widget-container\">\n\t\t\t\t\t\t\t\t\t\t\t\t<figure class=\"wp-caption\">\n\t\t\t\t\t\t\t\t\t\t<img fetchpriority=\"high\" decoding=\"async\" width=\"1024\" height=\"1024\" src=\"https:\/\/leadnow.ch\/wp-content\/uploads\/2025\/04\/859faeb1.png\" class=\"attachment-large size-large wp-image-4804\" alt=\"\" srcset=\"https:\/\/leadnow.ch\/wp-content\/uploads\/2025\/04\/859faeb1.png 1024w, https:\/\/leadnow.ch\/wp-content\/uploads\/2025\/04\/859faeb1-720x720.png 720w, https:\/\/leadnow.ch\/wp-content\/uploads\/2025\/04\/859faeb1-360x360.png 360w, https:\/\/leadnow.ch\/wp-content\/uploads\/2025\/04\/859faeb1-768x768.png 768w\" sizes=\"(max-width: 1024px) 100vw, 1024px\" loading=\"eager\" \/>\t\t\t\t\t\t\t\t\t\t\t<figcaption class=\"widget-image-caption wp-caption-text\">Hubert, Andi et Stefan admirent le Monte Cecci lors d'une retraite interne \u00e0 Lugano (2024)<\/figcaption>\n\t\t\t\t\t\t\t\t\t\t<\/figure>\n\t\t\t\t\t\t\t\t\t<\/div>\n\t\t\t\t<\/div>\n\t\t\t\t<\/div>\n\t\t<div class=\"elementor-element elementor-element-1b3c3ba e-con-full e-flex e-con e-child\" data-id=\"1b3c3ba\" data-element_type=\"container\" data-e-type=\"container\">\n\t\t\t\t<div class=\"elementor-element elementor-element-3411bf5 elementor-widget elementor-widget-heading\" data-id=\"3411bf5\" data-element_type=\"widget\" data-e-type=\"widget\" data-widget_type=\"heading.default\">\n\t\t\t\t<div class=\"elementor-widget-container\">\n\t\t\t\t\t<h2 class=\"elementor-heading-title elementor-size-default\">Faites une pause dans vos obligations quotidiennes et r\u00e9fl\u00e9chissez \u00e0 vos th\u00e8mes de leadership.<\/h2>\t\t\t\t<\/div>\n\t\t\t\t<\/div>\n\t\t<div class=\"elementor-element elementor-element-16e9327 e-con-full e-flex e-con e-child\" data-id=\"16e9327\" data-element_type=\"container\" data-e-type=\"container\">\n\t\t\t\t<div class=\"elementor-element elementor-element-c47d93c elementor-widget elementor-widget-text-editor\" data-id=\"c47d93c\" data-element_type=\"widget\" data-e-type=\"widget\" data-widget_type=\"text-editor.default\">\n\t\t\t\t<div class=\"elementor-widget-container\">\n\t\t\t\t\t\t\t\t\t<p>Prenez le temps de discuter avec nous de la r\u00e9flexion strat\u00e9gique, de la vision du leadership, du d\u00e9veloppement de la gestion d&rsquo;\u00e9quipe ou des d\u00e9fis sp\u00e9cifiques de votre entreprise.<\/p>\t\t\t\t\t\t\t\t<\/div>\n\t\t\t\t<\/div>\n\t\t\t\t<div class=\"elementor-element elementor-element-762ee54 elementor-widget elementor-widget-text-editor\" data-id=\"762ee54\" data-element_type=\"widget\" data-e-type=\"widget\" data-widget_type=\"text-editor.default\">\n\t\t\t\t<div class=\"elementor-widget-container\">\n\t\t\t\t\t\t\t\t\t<p>Notre animation de retraites permet des discussions ouvertes et significatives qui se transforment en compr\u00e9hensions puissantes et en r\u00e9sultats r\u00e9alisables.<\/p><p>Notre objectif est de vous montrer comment diriger efficacement d\u00e8s maintenant. C&rsquo;est pourquoi, si n\u00e9cessaire, nous ne nous contenterons pas de discuter avec vous de vos objectifs et de vos d\u00e9fis, mais nous les aborderons \u00e9galement dans le cadre du travail quotidien. Nous pouvons par exemple int\u00e9grer une simulation de cas dans les retraites afin de consolider les nouvelles connaissances dans la pratique.<\/p>\t\t\t\t\t\t\t\t<\/div>\n\t\t\t\t<\/div>\n\t\t\t\t<\/div>\n\t\t<div class=\"elementor-element elementor-element-3d4b3d1 e-flex e-con-boxed e-con e-child\" data-id=\"3d4b3d1\" data-element_type=\"container\" data-e-type=\"container\">\n\t\t\t\t\t<div class=\"e-con-inner\">\n\t\t\t\t<div class=\"elementor-element elementor-element-a3955fd elementor-align-justify elementor-widget__width-inherit elementor-widget elementor-widget-button\" data-id=\"a3955fd\" data-element_type=\"widget\" data-e-type=\"widget\" data-widget_type=\"button.default\">\n\t\t\t\t<div class=\"elementor-widget-container\">\n\t\t\t\t\t\t\t\t\t<div class=\"elementor-button-wrapper\">\n\t\t\t\t\t<a class=\"elementor-button elementor-button-link elementor-size-sm\" href=\"https:\/\/leadnow.ch\/fr\/les-solutions\/\">\n\t\t\t\t\t\t<span class=\"elementor-button-content-wrapper\">\n\t\t\t\t\t\t\t\t\t<span class=\"elementor-button-text\">Solutions<\/span>\n\t\t\t\t\t<\/span>\n\t\t\t\t\t<\/a>\n\t\t\t\t<\/div>\n\t\t\t\t\t\t\t\t<\/div>\n\t\t\t\t<\/div>\n\t\t\t\t<div class=\"elementor-element elementor-element-e92294e elementor-align-justify elementor-widget__width-inherit elementor-widget elementor-widget-button\" data-id=\"e92294e\" data-element_type=\"widget\" data-e-type=\"widget\" data-widget_type=\"button.default\">\n\t\t\t\t<div class=\"elementor-widget-container\">\n\t\t\t\t\t\t\t\t\t<div class=\"elementor-button-wrapper\">\n\t\t\t\t\t<a class=\"elementor-button elementor-button-link elementor-size-sm\" href=\"https:\/\/leadnow.ch\/fr\/contact\/\">\n\t\t\t\t\t\t<span class=\"elementor-button-content-wrapper\">\n\t\t\t\t\t\t\t\t\t<span class=\"elementor-button-text\">Contact<\/span>\n\t\t\t\t\t<\/span>\n\t\t\t\t\t<\/a>\n\t\t\t\t<\/div>\n\t\t\t\t\t\t\t\t<\/div>\n\t\t\t\t<\/div>\n\t\t\t\t\t<\/div>\n\t\t\t\t<\/div>\n\t\t\t\t<\/div>\n\t\t\t\t\t<\/div>\n\t\t\t\t<\/div>\n\t\t<div class=\"elementor-element elementor-element-bb04057 testimonials-area e-flex e-con-boxed e-con e-parent\" data-id=\"bb04057\" data-element_type=\"container\" data-e-type=\"container\">\n\t\t\t\t\t<div class=\"e-con-inner\">\n\t\t<div class=\"elementor-element elementor-element-86868da e-con-full e-flex e-con e-child\" data-id=\"86868da\" data-element_type=\"container\" data-e-type=\"container\">\n\t\t<div class=\"elementor-element elementor-element-e5de4fb e-con-full e-flex e-con e-child\" data-id=\"e5de4fb\" data-element_type=\"container\" data-e-type=\"container\">\n\t\t\t\t<div class=\"elementor-element elementor-element-4de6025 elementor-widget elementor-widget-heading\" data-id=\"4de6025\" data-element_type=\"widget\" data-e-type=\"widget\" data-widget_type=\"heading.default\">\n\t\t\t\t<div class=\"elementor-widget-container\">\n\t\t\t\t\t<h2 class=\"elementor-heading-title elementor-size-default\">Ce que disent les clients de Leadnow<\/h2>\t\t\t\t<\/div>\n\t\t\t\t<\/div>\n\t\t\t\t<\/div>\n\t\t<div class=\"elementor-element elementor-element-073e095 e-con-full e-flex e-con e-child\" data-id=\"073e095\" data-element_type=\"container\" data-e-type=\"container\" data-settings=\"{&quot;background_background&quot;:&quot;classic&quot;}\">\n\t\t\t\t<div class=\"elementor-element elementor-element-8b3a158 elementor-widget__width-initial elementor-widget elementor-widget-html\" data-id=\"8b3a158\" data-element_type=\"widget\" data-e-type=\"widget\" data-widget_type=\"html.default\">\n\t\t\t\t<div class=\"elementor-widget-container\">\n\t\t\t\t\t<svg viewBox=\"0 0 59 48\" fill=\"none\" xmlns=\"http:\/\/www.w3.org\/2000\/svg\">\n<path d=\"M26.617 36.8706C26.617 33.9004 25.7929 31.3741 24.1445 29.2916C21.6377 26.1508 16.7957 25.7753 13.9798 26.3898C12.8122 19.8009 18.444 11.4026 25.7242 7.78378L20.1267 0C9.13778 5.18919 -1.6451 17.138 0.209279 32.1935C1.37685 41.7184 6.90565 48 14.7353 48C18.1693 48 21.0195 47.01 23.2517 44.9957C25.5181 42.9815 26.617 40.2845 26.617 36.8706ZM59 36.8706C59 33.9004 58.1758 31.3741 56.5275 29.2916C54.0206 26.1508 49.1787 25.7753 46.3627 26.3898C45.1952 19.8009 50.827 11.4026 58.1071 7.78378L52.5097 0C41.5207 5.18919 30.7379 17.138 32.5923 32.1935C33.7598 41.7184 39.2886 48 47.1182 48C50.5523 48 53.4025 47.01 55.6346 44.9957C57.9011 42.9815 59 40.2845 59 36.8706Z\" fill=\"url(#paint0_linear_53_23)\"\/>\n<defs>\n<linearGradient id=\"paint0_linear_53_23\" x1=\"-3\" y1=\"-10\" x2=\"59\" y2=\"68.5\" gradientUnits=\"userSpaceOnUse\">\n<stop stop-color=\"#0A8F9B\"\/>\n<stop offset=\"1\" stop-color=\"#ABCD4C\"\/>\n<\/linearGradient>\n<\/defs>\n<\/svg>\t\t\t\t<\/div>\n\t\t\t\t<\/div>\n\t\t\t\t<div class=\"elementor-element elementor-element-a7304c5 elementor-testimonial--skin-default elementor-testimonial--layout-image_inline elementor-testimonial--align-center elementor-pagination-type-bullets elementor-widget elementor-widget-testimonial-carousel\" data-id=\"a7304c5\" data-element_type=\"widget\" data-e-type=\"widget\" data-settings=\"{&quot;slides_per_view&quot;:&quot;1&quot;,&quot;slides_to_scroll&quot;:&quot;1&quot;,&quot;space_between&quot;:{&quot;unit&quot;:&quot;px&quot;,&quot;size&quot;:0,&quot;sizes&quot;:[]},&quot;space_between_tablet&quot;:{&quot;unit&quot;:&quot;px&quot;,&quot;size&quot;:0,&quot;sizes&quot;:[]},&quot;space_between_mobile&quot;:{&quot;unit&quot;:&quot;px&quot;,&quot;size&quot;:0,&quot;sizes&quot;:[]},&quot;pagination&quot;:&quot;bullets&quot;,&quot;speed&quot;:500,&quot;autoplay&quot;:&quot;yes&quot;,&quot;autoplay_speed&quot;:5000,&quot;loop&quot;:&quot;yes&quot;,&quot;pause_on_hover&quot;:&quot;yes&quot;,&quot;pause_on_interaction&quot;:&quot;yes&quot;}\" data-widget_type=\"testimonial-carousel.default\">\n\t\t\t\t<div class=\"elementor-widget-container\">\n\t\t\t\t\t\t\t\t\t<div class=\"elementor-swiper\">\n\t\t\t\t\t<div class=\"elementor-main-swiper swiper\" role=\"region\" aria-roledescription=\"carousel\" aria-label=\"Slider\">\n\t\t\t\t<div class=\"swiper-wrapper\">\n\t\t\t\t\t\t\t\t\t\t\t<div class=\"swiper-slide\" role=\"group\" aria-roledescription=\"slide\">\n\t\t\t\t\t\t\t\t\t<div class=\"elementor-testimonial\">\n\t\t\t\t\t\t\t<div class=\"elementor-testimonial__content\">\n\t\t\t\t\t<div class=\"elementor-testimonial__text\">\n\t\t\t\t\t\tL'atelier avec Leadnow et Riklins a eu l'effet d'un ginger-shot pour notre direction.\t\t\t\t\t<\/div>\n\t\t\t\t\t\t\t\t\t<\/div>\n\t\t\t\t\t\t<div class=\"elementor-testimonial__footer\">\n\t\t\t\t\t\t\t\t\t<div class=\"elementor-testimonial__image\">\n\t\t\t\t\t\t<img decoding=\"async\" src=\"https:\/\/leadnow.ch\/wp-content\/uploads\/2025\/04\/e7d9ea13.png\" alt=\"Joe Schmid\">\n\t\t\t\t\t\t\t\t\t\t\t<\/div>\n\t\t\t\t\t\t\t\t<cite class=\"elementor-testimonial__cite\"><span class=\"elementor-testimonial__name\">Joe Schmid<\/span><span class=\"elementor-testimonial__title\">Directeur VZO<\/span><\/cite>\t\t\t<\/div>\n\t\t<\/div>\n\t\t\t\t\t\t\t\t<\/div>\n\t\t\t\t\t\t\t\t\t<\/div>\n\t\t\t\t\t\t\t<\/div>\n\t\t\t\t<\/div>\n\t\t\t\t\t\t\t\t<\/div>\n\t\t\t\t<\/div>\n\t\t\t\t<\/div>\n\t\t\t\t<\/div>\n\t\t\t\t\t<\/div>\n\t\t\t\t<\/div>\n\t\t\t\t<\/div>\n\t\t","protected":false},"excerpt":{"rendered":"<p>Hubert, Andi et Stefan admirent le Monte Cecci lors d&rsquo;une retraite interne \u00e0 Lugano (2024) Faites une pause dans vos obligations quotidiennes et r\u00e9fl\u00e9chissez \u00e0 vos th\u00e8mes de leadership. Prenez le temps de discuter avec nous de la r\u00e9flexion strat\u00e9gique, de la vision du leadership, du d\u00e9veloppement de la gestion d&rsquo;\u00e9quipe ou des d\u00e9fis sp\u00e9cifiques [&hellip;]<\/p>\n","protected":false},"author":1,"featured_media":0,"parent":2264,"menu_order":0,"comment_status":"closed","ping_status":"closed","template":"","meta":{"_acf_changed":false,"footnotes":""},"class_list":["post-2284","page","type-page","status-publish","hentry"],"blocksy_meta":[],"acf":[],"_links":{"self":[{"href":"https:\/\/leadnow.ch\/fr\/wp-json\/wp\/v2\/pages\/2284","targetHints":{"allow":["GET"]}}],"collection":[{"href":"https:\/\/leadnow.ch\/fr\/wp-json\/wp\/v2\/pages"}],"about":[{"href":"https:\/\/leadnow.ch\/fr\/wp-json\/wp\/v2\/types\/page"}],"author":[{"embeddable":true,"href":"https:\/\/leadnow.ch\/fr\/wp-json\/wp\/v2\/users\/1"}],"replies":[{"embeddable":true,"href":"https:\/\/leadnow.ch\/fr\/wp-json\/wp\/v2\/comments?post=2284"}],"version-history":[{"count":0,"href":"https:\/\/leadnow.ch\/fr\/wp-json\/wp\/v2\/pages\/2284\/revisions"}],"up":[{"embeddable":true,"href":"https:\/\/leadnow.ch\/fr\/wp-json\/wp\/v2\/pages\/2264"}],"wp:attachment":[{"href":"https:\/\/leadnow.ch\/fr\/wp-json\/wp\/v2\/media?parent=2284"}],"curies":[{"name":"wp","href":"https:\/\/api.w.org\/{rel}","templated":true}]}}