{"id":2274,"date":"2024-08-28T12:22:25","date_gmt":"2024-08-28T12:22:25","guid":{"rendered":"https:\/\/leadnow.ch\/les-solutions\/conseil-en-leadership\/"},"modified":"2025-05-05T15:19:19","modified_gmt":"2025-05-05T15:19:19","slug":"conseil-en-leadership","status":"publish","type":"page","link":"https:\/\/leadnow.ch\/fr\/les-solutions\/conseil-en-leadership\/","title":{"rendered":"Conseil en leadership"},"content":{"rendered":"\t\t<div data-elementor-type=\"wp-page\" data-elementor-id=\"2274\" class=\"elementor elementor-2274 elementor-938\" data-elementor-post-type=\"page\">\n\t\t\t\t<div class=\"elementor-element elementor-element-7e26632 page-title-area e-flex e-con-boxed e-con e-parent\" data-id=\"7e26632\" data-element_type=\"container\" data-e-type=\"container\" data-settings=\"{&quot;background_background&quot;:&quot;gradient&quot;}\">\n\t\t\t\t\t<div class=\"e-con-inner\">\n\t\t\t\t<div class=\"elementor-element elementor-element-702bff3 elementor-widget__width-initial elementor-widget elementor-widget-heading\" data-id=\"702bff3\" data-element_type=\"widget\" data-e-type=\"widget\" data-widget_type=\"heading.default\">\n\t\t\t\t<div class=\"elementor-widget-container\">\n\t\t\t\t\t<h1 class=\"elementor-heading-title elementor-size-default\">Conseil en leadership<\/h1>\t\t\t\t<\/div>\n\t\t\t\t<\/div>\n\t\t\t\t\t<\/div>\n\t\t\t\t<\/div>\n\t\t<div class=\"elementor-element elementor-element-e82a65c e-flex e-con-boxed e-con e-parent\" data-id=\"e82a65c\" data-element_type=\"container\" data-e-type=\"container\" data-settings=\"{&quot;background_background&quot;:&quot;classic&quot;}\">\n\t\t\t\t\t<div class=\"e-con-inner\">\n\t\t<div class=\"elementor-element elementor-element-879e6cc e-con-full e-flex e-con e-child\" data-id=\"879e6cc\" data-element_type=\"container\" data-e-type=\"container\">\n\t\t\t\t<div class=\"elementor-element elementor-element-39d0d6a elementor-widget elementor-widget-image\" data-id=\"39d0d6a\" data-element_type=\"widget\" data-e-type=\"widget\" data-widget_type=\"image.default\">\n\t\t\t\t<div class=\"elementor-widget-container\">\n\t\t\t\t\t\t\t\t\t\t\t\t<figure class=\"wp-caption\">\n\t\t\t\t\t\t\t\t\t\t<img fetchpriority=\"high\" decoding=\"async\" width=\"768\" height=\"768\" src=\"https:\/\/leadnow.ch\/wp-content\/uploads\/2025\/04\/2af4040a-768x768.png\" class=\"attachment-medium_large size-medium_large wp-image-4846\" alt=\"\" srcset=\"https:\/\/leadnow.ch\/wp-content\/uploads\/2025\/04\/2af4040a-768x768.png 768w, https:\/\/leadnow.ch\/wp-content\/uploads\/2025\/04\/2af4040a-720x720.png 720w, https:\/\/leadnow.ch\/wp-content\/uploads\/2025\/04\/2af4040a-360x360.png 360w, https:\/\/leadnow.ch\/wp-content\/uploads\/2025\/04\/2af4040a.png 1024w\" sizes=\"(max-width: 768px) 100vw, 768px\" loading=\"eager\" \/>\t\t\t\t\t\t\t\t\t\t\t<figcaption class=\"widget-image-caption wp-caption-text\">Stefan discute du leadership efficace lors d'un atelier avec Fortimo.<\/figcaption>\n\t\t\t\t\t\t\t\t\t\t<\/figure>\n\t\t\t\t\t\t\t\t\t<\/div>\n\t\t\t\t<\/div>\n\t\t\t\t<\/div>\n\t\t<div class=\"elementor-element elementor-element-e40842b e-con-full e-flex e-con e-child\" data-id=\"e40842b\" data-element_type=\"container\" data-e-type=\"container\">\n\t\t\t\t<div class=\"elementor-element elementor-element-e62d4e7 elementor-widget elementor-widget-heading\" data-id=\"e62d4e7\" data-element_type=\"widget\" data-e-type=\"widget\" data-widget_type=\"heading.default\">\n\t\t\t\t<div class=\"elementor-widget-container\">\n\t\t\t\t\t<h2 class=\"elementor-heading-title elementor-size-default\">Leadnow renforce les organisations afin que le leadership devienne plus efficace.<\/h2>\t\t\t\t<\/div>\n\t\t\t\t<\/div>\n\t\t<div class=\"elementor-element elementor-element-b9310d7 e-con-full e-flex e-con e-child\" data-id=\"b9310d7\" data-element_type=\"container\" data-e-type=\"container\">\n\t\t\t\t<div class=\"elementor-element elementor-element-fdc4914 elementor-widget elementor-widget-text-editor\" data-id=\"fdc4914\" data-element_type=\"widget\" data-e-type=\"widget\" data-widget_type=\"text-editor.default\">\n\t\t\t\t<div class=\"elementor-widget-container\">\n\t\t\t\t\t\t\t\t\t<p>En nous basant sur des ann\u00e9es d&rsquo;exp\u00e9rience et d&rsquo;expertise, d&rsquo;observation, de recherche et de m\u00e9thodes pratiques, nous proposons des solutions sur mesure pour relever les d\u00e9fis de la gestion d&rsquo;entreprise:<\/p>\t\t\t\t\t\t\t\t<\/div>\n\t\t\t\t<\/div>\n\t\t\t\t<div class=\"elementor-element elementor-element-106c4ca elementor-widget elementor-widget-text-editor\" data-id=\"106c4ca\" data-element_type=\"widget\" data-e-type=\"widget\" data-widget_type=\"text-editor.default\">\n\t\t\t\t<div class=\"elementor-widget-container\">\n\t\t\t\t\t\t\t\t\t<ul><li><strong>D\u00e9veloppement des comp\u00e9tences en mati\u00e8re de leadership: <\/strong>Nous aidons les cadres \u00e0 renforcer leurs comp\u00e9tences en mati\u00e8re de gestion du personnel en leur proposant des programmes de coaching et de formation personnalis\u00e9s, adapt\u00e9s aux besoins de votre entreprise.<\/li><li><strong>D\u00e9veloppement d&rsquo;\u00e9quipe:<\/strong> nous am\u00e9liorons la collaboration et la productivit\u00e9 des \u00e9quipes par des mesures cibl\u00e9es, des ateliers et des activit\u00e9s de formation d&rsquo;\u00e9quipe.<\/li><li><strong>D\u00e9veloppement organisationnel: <\/strong>nous am\u00e9liorons la structure organisationnelle et les processus mis en \u0153uvre dans une entreprise afin de tenir compte des plans et objectifs strat\u00e9giques de l&rsquo;entreprise.<\/li><li><strong>Gestion du changement:<\/strong> nous garantissons une int\u00e9gration harmonieuse des changements organisationnels gr\u00e2ce \u00e0 une approche structur\u00e9e et \u00e0 un soutien continu.<\/li><\/ul>\t\t\t\t\t\t\t\t<\/div>\n\t\t\t\t<\/div>\n\t\t\t\t<\/div>\n\t\t<div class=\"elementor-element elementor-element-ba66f9e e-flex e-con-boxed e-con e-child\" data-id=\"ba66f9e\" data-element_type=\"container\" data-e-type=\"container\">\n\t\t\t\t\t<div class=\"e-con-inner\">\n\t\t\t\t<div class=\"elementor-element elementor-element-769b334 elementor-align-justify elementor-widget__width-inherit elementor-widget elementor-widget-button\" data-id=\"769b334\" data-element_type=\"widget\" data-e-type=\"widget\" data-widget_type=\"button.default\">\n\t\t\t\t<div class=\"elementor-widget-container\">\n\t\t\t\t\t\t\t\t\t<div class=\"elementor-button-wrapper\">\n\t\t\t\t\t<a class=\"elementor-button elementor-button-link elementor-size-sm\" href=\"https:\/\/leadnow.ch\/fr\/les-solutions\/\">\n\t\t\t\t\t\t<span class=\"elementor-button-content-wrapper\">\n\t\t\t\t\t\t\t\t\t<span class=\"elementor-button-text\">Solutions<\/span>\n\t\t\t\t\t<\/span>\n\t\t\t\t\t<\/a>\n\t\t\t\t<\/div>\n\t\t\t\t\t\t\t\t<\/div>\n\t\t\t\t<\/div>\n\t\t\t\t<div class=\"elementor-element elementor-element-53390a1 elementor-align-justify elementor-widget__width-inherit elementor-widget elementor-widget-button\" data-id=\"53390a1\" data-element_type=\"widget\" data-e-type=\"widget\" data-widget_type=\"button.default\">\n\t\t\t\t<div class=\"elementor-widget-container\">\n\t\t\t\t\t\t\t\t\t<div class=\"elementor-button-wrapper\">\n\t\t\t\t\t<a class=\"elementor-button elementor-button-link elementor-size-sm\" href=\"https:\/\/leadnow.ch\/fr\/?page_id=1923\">\n\t\t\t\t\t\t<span class=\"elementor-button-content-wrapper\">\n\t\t\t\t\t\t\t\t\t<span class=\"elementor-button-text\">Contact<\/span>\n\t\t\t\t\t<\/span>\n\t\t\t\t\t<\/a>\n\t\t\t\t<\/div>\n\t\t\t\t\t\t\t\t<\/div>\n\t\t\t\t<\/div>\n\t\t\t\t\t<\/div>\n\t\t\t\t<\/div>\n\t\t\t\t<\/div>\n\t\t\t\t\t<\/div>\n\t\t\t\t<\/div>\n\t\t<div class=\"elementor-element elementor-element-7a6aec7 testimonials-area e-flex e-con-boxed e-con e-parent\" data-id=\"7a6aec7\" data-element_type=\"container\" data-e-type=\"container\">\n\t\t\t\t\t<div class=\"e-con-inner\">\n\t\t<div class=\"elementor-element elementor-element-c982463 e-con-full e-flex e-con e-child\" data-id=\"c982463\" data-element_type=\"container\" data-e-type=\"container\">\n\t\t<div class=\"elementor-element elementor-element-2011e12 e-con-full e-flex e-con e-child\" data-id=\"2011e12\" data-element_type=\"container\" data-e-type=\"container\">\n\t\t\t\t<div class=\"elementor-element elementor-element-395519a elementor-widget elementor-widget-heading\" data-id=\"395519a\" data-element_type=\"widget\" data-e-type=\"widget\" data-widget_type=\"heading.default\">\n\t\t\t\t<div class=\"elementor-widget-container\">\n\t\t\t\t\t<h2 class=\"elementor-heading-title elementor-size-default\">What Leadnow clients say<\/h2>\t\t\t\t<\/div>\n\t\t\t\t<\/div>\n\t\t\t\t<\/div>\n\t\t<div class=\"elementor-element elementor-element-b229055 e-con-full e-flex e-con e-child\" data-id=\"b229055\" data-element_type=\"container\" data-e-type=\"container\" data-settings=\"{&quot;background_background&quot;:&quot;classic&quot;}\">\n\t\t\t\t<div class=\"elementor-element elementor-element-51349bb elementor-widget__width-initial elementor-widget elementor-widget-html\" data-id=\"51349bb\" data-element_type=\"widget\" data-e-type=\"widget\" data-widget_type=\"html.default\">\n\t\t\t\t<div class=\"elementor-widget-container\">\n\t\t\t\t\t<svg viewBox=\"0 0 59 48\" fill=\"none\" xmlns=\"http:\/\/www.w3.org\/2000\/svg\">\n<path d=\"M26.617 36.8706C26.617 33.9004 25.7929 31.3741 24.1445 29.2916C21.6377 26.1508 16.7957 25.7753 13.9798 26.3898C12.8122 19.8009 18.444 11.4026 25.7242 7.78378L20.1267 0C9.13778 5.18919 -1.6451 17.138 0.209279 32.1935C1.37685 41.7184 6.90565 48 14.7353 48C18.1693 48 21.0195 47.01 23.2517 44.9957C25.5181 42.9815 26.617 40.2845 26.617 36.8706ZM59 36.8706C59 33.9004 58.1758 31.3741 56.5275 29.2916C54.0206 26.1508 49.1787 25.7753 46.3627 26.3898C45.1952 19.8009 50.827 11.4026 58.1071 7.78378L52.5097 0C41.5207 5.18919 30.7379 17.138 32.5923 32.1935C33.7598 41.7184 39.2886 48 47.1182 48C50.5523 48 53.4025 47.01 55.6346 44.9957C57.9011 42.9815 59 40.2845 59 36.8706Z\" fill=\"url(#paint0_linear_53_23)\"\/>\n<defs>\n<linearGradient id=\"paint0_linear_53_23\" x1=\"-3\" y1=\"-10\" x2=\"59\" y2=\"68.5\" gradientUnits=\"userSpaceOnUse\">\n<stop stop-color=\"#0A8F9B\"\/>\n<stop offset=\"1\" stop-color=\"#ABCD4C\"\/>\n<\/linearGradient>\n<\/defs>\n<\/svg>\t\t\t\t<\/div>\n\t\t\t\t<\/div>\n\t\t\t\t<div class=\"elementor-element elementor-element-2cc6119 elementor-testimonial--skin-default elementor-testimonial--layout-image_inline elementor-testimonial--align-center elementor-pagination-type-bullets elementor-widget elementor-widget-testimonial-carousel\" data-id=\"2cc6119\" data-element_type=\"widget\" data-e-type=\"widget\" data-settings=\"{&quot;slides_per_view&quot;:&quot;1&quot;,&quot;slides_to_scroll&quot;:&quot;1&quot;,&quot;space_between&quot;:{&quot;unit&quot;:&quot;px&quot;,&quot;size&quot;:0,&quot;sizes&quot;:[]},&quot;space_between_tablet&quot;:{&quot;unit&quot;:&quot;px&quot;,&quot;size&quot;:0,&quot;sizes&quot;:[]},&quot;space_between_mobile&quot;:{&quot;unit&quot;:&quot;px&quot;,&quot;size&quot;:0,&quot;sizes&quot;:[]},&quot;pagination&quot;:&quot;bullets&quot;,&quot;speed&quot;:500,&quot;autoplay&quot;:&quot;yes&quot;,&quot;autoplay_speed&quot;:5000,&quot;loop&quot;:&quot;yes&quot;,&quot;pause_on_hover&quot;:&quot;yes&quot;,&quot;pause_on_interaction&quot;:&quot;yes&quot;}\" data-widget_type=\"testimonial-carousel.default\">\n\t\t\t\t<div class=\"elementor-widget-container\">\n\t\t\t\t\t\t\t\t\t<div class=\"elementor-swiper\">\n\t\t\t\t\t<div class=\"elementor-main-swiper swiper\" role=\"region\" aria-roledescription=\"carousel\" aria-label=\"Slider\">\n\t\t\t\t<div class=\"swiper-wrapper\">\n\t\t\t\t\t\t\t\t\t\t\t<div class=\"swiper-slide\" role=\"group\" aria-roledescription=\"slide\">\n\t\t\t\t\t\t\t\t\t<div class=\"elementor-testimonial\">\n\t\t\t\t\t\t\t<div class=\"elementor-testimonial__content\">\n\t\t\t\t\t<div class=\"elementor-testimonial__text\">\n\t\t\t\t\t\tLe c\u0153ur de l'ing\u00e9nieur Stefan Heer comprend nos d\u00e9fis en tant que dirigeants ; l'\u00e2me du psychologue du travail Stefan Heer peut nous expliquer de mani\u00e8re compr\u00e9hensible comment nous pouvons \u00e9voluer en mati\u00e8re de leadership.\t\t\t\t\t<\/div>\n\t\t\t\t\t\t\t\t\t<\/div>\n\t\t\t\t\t\t<div class=\"elementor-testimonial__footer\">\n\t\t\t\t\t\t\t\t\t<div class=\"elementor-testimonial__image\">\n\t\t\t\t\t\t<img decoding=\"async\" src=\"https:\/\/leadnow.ch\/wp-content\/uploads\/2025\/04\/6b533462.png\" alt=\"Reto Hagger\">\n\t\t\t\t\t\t\t\t\t\t\t<\/div>\n\t\t\t\t\t\t\t\t<cite class=\"elementor-testimonial__cite\"><span class=\"elementor-testimonial__name\">Reto Hagger<\/span><span class=\"elementor-testimonial__title\">Directeur de la division Infrastructure, Gruner AG<\/span><\/cite>\t\t\t<\/div>\n\t\t<\/div>\n\t\t\t\t\t\t\t\t<\/div>\n\t\t\t\t\t\t\t\t\t\t\t<div class=\"swiper-slide\" role=\"group\" aria-roledescription=\"slide\">\n\t\t\t\t\t\t\t\t\t<div class=\"elementor-testimonial\">\n\t\t\t\t\t\t\t<div class=\"elementor-testimonial__content\">\n\t\t\t\t\t<div class=\"elementor-testimonial__text\">\n\t\t\t\t\t\tLors de la s\u00e9lection d'un coach qui s'adresse \u00e0 l'ensemble de notre entreprise, Stefan Heer nous a imm\u00e9diatement convaincus. Sa communication authentique et claire lui permet d'atteindre tous les niveaux de collaborateurs de la m\u00eame mani\u00e8re. Son travail, notamment la r\u00e9alisation et la pr\u00e9sentation d'une vaste enqu\u00eate aupr\u00e8s des collaborateurs, t\u00e9moigne de sa capacit\u00e9 \u00e0 rendre compr\u00e9hensibles et accessibles des contenus complexes. La force particuli\u00e8re de Stefan r\u00e9side dans sa nature empathique et courtoise qui, associ\u00e9e \u00e0 son exp\u00e9rience et \u00e0 son aplomb, cr\u00e9e un environnement inspirant. En r\u00e9sum\u00e9, la collaboration avec Stefan a \u00e9t\u00e9 et reste un v\u00e9ritable atout pour notre entreprise. Nous le recommandons en tant que coach, qui apporte non seulement des comp\u00e9tences techniques, mais qui favorise \u00e9galement un climat de travail motivant et inclusif.\t\t\t\t\t<\/div>\n\t\t\t\t\t\t\t\t\t<\/div>\n\t\t\t\t\t\t<div class=\"elementor-testimonial__footer\">\n\t\t\t\t\t\t\t\t<cite class=\"elementor-testimonial__cite\"><span class=\"elementor-testimonial__name\">Sacha Rumpel<\/span><span class=\"elementor-testimonial__title\">CEO, Rosemnumd Haustechnik AG<\/span><\/cite>\t\t\t<\/div>\n\t\t<\/div>\n\t\t\t\t\t\t\t\t<\/div>\n\t\t\t\t\t\t\t\t\t\t\t<div class=\"swiper-slide\" role=\"group\" aria-roledescription=\"slide\">\n\t\t\t\t\t\t\t\t\t<div class=\"elementor-testimonial\">\n\t\t\t\t\t\t\t<div class=\"elementor-testimonial__content\">\n\t\t\t\t\t<div class=\"elementor-testimonial__text\">\n\t\t\t\t\t\tS'appuyer sur un accompagnement professionnel lors d'une r\u00e9union de direction et ne pas se soucier de la m\u00e9thodologie et de la mod\u00e9ration est tr\u00e8s lib\u00e9rateur. Avec Stefan Heer, nous avons trouv\u00e9 la personnalit\u00e9 parfaite, qui nous met au d\u00e9fi et nous fait ainsi progresser.\t\t\t\t\t<\/div>\n\t\t\t\t\t\t\t\t\t<\/div>\n\t\t\t\t\t\t<div class=\"elementor-testimonial__footer\">\n\t\t\t\t\t\t\t\t<cite class=\"elementor-testimonial__cite\"><span class=\"elementor-testimonial__name\">Cyrill Weber<\/span><span class=\"elementor-testimonial__title\">Directeur de l'entreprise, Zugerland Verkehrsbetriebe AG<\/span><\/cite>\t\t\t<\/div>\n\t\t<\/div>\n\t\t\t\t\t\t\t\t<\/div>\n\t\t\t\t\t\t\t\t\t\t\t<div class=\"swiper-slide\" role=\"group\" aria-roledescription=\"slide\">\n\t\t\t\t\t\t\t\t\t<div class=\"elementor-testimonial\">\n\t\t\t\t\t\t\t<div class=\"elementor-testimonial__content\">\n\t\t\t\t\t<div class=\"elementor-testimonial__text\">\n\t\t\t\t\t\tComment la nouvelle vision \u00ab Nous sommes l'association des \u00e9tablissements d'h\u00e9bergement innovants et durables de Suisse \u00bb peut-elle se r\u00e9sumer au mode de travail et \u00e0 la forme d'organisation du secr\u00e9tariat national d'H\u00f4tellerieSuisse ? Comment est-il possible de transformer une organisation relativement rigide, lin\u00e9aire, surcharg\u00e9e de processus et enferm\u00e9e dans une pens\u00e9e en silo en une culture et une structure d'entreprise plus agiles, plus mobiles, moins hi\u00e9rarchiques et agissant en r\u00e9seau ? Comment r\u00e9ussir \u00e0 entra\u00eener l'organe strat\u00e9gique et le plus grand nombre possible de collaborateurs de la centaine de personnes que compte l'\u00e9quipe sur la voie d'un processus de transformation organisationnelle correspondant ? Confront\u00e9 \u00e0 ces questions et \u00e0 bien d'autres encore, j'ai attach\u00e9, au cours de mon troisi\u00e8me mois d'activit\u00e9 en tant que directeur d'HotellerieSuisse, la ceinture de Stefan Heer comme compagnon de route, sparring partner et cod\u00e9veloppeur. Avec son esprit, son attitude, sa cr\u00e9ativit\u00e9 et ses comp\u00e9tences professionnelles, Stefan Heer a contribu\u00e9 de mani\u00e8re d\u00e9terminante, dans de nombreux settings de groupe diff\u00e9rents, \u00e0 la transformation compl\u00e8te et r\u00e9ussie de notre organisation, de mani\u00e8re cons\u00e9quente mais avec la sensibilit\u00e9 n\u00e9cessaire\t\t\t\t\t<\/div>\n\t\t\t\t\t\t\t\t\t<\/div>\n\t\t\t\t\t\t<div class=\"elementor-testimonial__footer\">\n\t\t\t\t\t\t\t\t<cite class=\"elementor-testimonial__cite\"><span class=\"elementor-testimonial__name\">Claude Meier<\/span><span class=\"elementor-testimonial__title\">Directeur d'HotellerieSuisse, 2016-2024<\/span><\/cite>\t\t\t<\/div>\n\t\t<\/div>\n\t\t\t\t\t\t\t\t<\/div>\n\t\t\t\t\t\t\t\t\t\t\t<div class=\"swiper-slide\" role=\"group\" aria-roledescription=\"slide\">\n\t\t\t\t\t\t\t\t\t<div class=\"elementor-testimonial\">\n\t\t\t\t\t\t\t<div class=\"elementor-testimonial__content\">\n\t\t\t\t\t<div class=\"elementor-testimonial__text\">\n\t\t\t\t\t\tStefan Heer sait associer des contextes complexes \u00e0 des exemples pratiques et les transmettre de mani\u00e8re adapt\u00e9e au groupe cible. Son exp\u00e9rience d'ing\u00e9nieur et de psychologue l'aide \u00e0 pr\u00e9senter des points de vue tr\u00e8s diff\u00e9rents de mani\u00e8re authentique.\t\t\t\t\t<\/div>\n\t\t\t\t\t\t\t\t\t<\/div>\n\t\t\t\t\t\t<div class=\"elementor-testimonial__footer\">\n\t\t\t\t\t\t\t\t<cite class=\"elementor-testimonial__cite\"><span class=\"elementor-testimonial__name\">Thomas Sprenger<\/span><span class=\"elementor-testimonial__title\">Chief People Officer, Dreier AG<\/span><\/cite>\t\t\t<\/div>\n\t\t<\/div>\n\t\t\t\t\t\t\t\t<\/div>\n\t\t\t\t\t\t\t\t\t<\/div>\n\t\t\t\t\t\t\t\t\t\t\t\t\t\t\t\t\t\t\t\t<div class=\"swiper-pagination\"><\/div>\n\t\t\t\t\t\t\t\t\t\t\t\t<\/div>\n\t\t\t\t<\/div>\n\t\t\t\t\t\t\t\t<\/div>\n\t\t\t\t<\/div>\n\t\t\t\t<\/div>\n\t\t\t\t<\/div>\n\t\t\t\t\t<\/div>\n\t\t\t\t<\/div>\n\t\t\t\t<\/div>\n\t\t","protected":false},"excerpt":{"rendered":"<p>Stefan discute du leadership efficace lors d&rsquo;un atelier avec Fortimo. Leadnow renforce les organisations afin que le leadership devienne plus efficace. En nous basant sur des ann\u00e9es d&rsquo;exp\u00e9rience et d&rsquo;expertise, d&rsquo;observation, de recherche et de m\u00e9thodes pratiques, nous proposons des solutions sur mesure pour relever les d\u00e9fis de la gestion d&rsquo;entreprise: D\u00e9veloppement des comp\u00e9tences en [&hellip;]<\/p>\n","protected":false},"author":1,"featured_media":0,"parent":2264,"menu_order":0,"comment_status":"closed","ping_status":"closed","template":"","meta":{"_acf_changed":false,"footnotes":""},"class_list":["post-2274","page","type-page","status-publish","hentry"],"blocksy_meta":[],"acf":[],"_links":{"self":[{"href":"https:\/\/leadnow.ch\/fr\/wp-json\/wp\/v2\/pages\/2274","targetHints":{"allow":["GET"]}}],"collection":[{"href":"https:\/\/leadnow.ch\/fr\/wp-json\/wp\/v2\/pages"}],"about":[{"href":"https:\/\/leadnow.ch\/fr\/wp-json\/wp\/v2\/types\/page"}],"author":[{"embeddable":true,"href":"https:\/\/leadnow.ch\/fr\/wp-json\/wp\/v2\/users\/1"}],"replies":[{"embeddable":true,"href":"https:\/\/leadnow.ch\/fr\/wp-json\/wp\/v2\/comments?post=2274"}],"version-history":[{"count":3,"href":"https:\/\/leadnow.ch\/fr\/wp-json\/wp\/v2\/pages\/2274\/revisions"}],"predecessor-version":[{"id":5202,"href":"https:\/\/leadnow.ch\/fr\/wp-json\/wp\/v2\/pages\/2274\/revisions\/5202"}],"up":[{"embeddable":true,"href":"https:\/\/leadnow.ch\/fr\/wp-json\/wp\/v2\/pages\/2264"}],"wp:attachment":[{"href":"https:\/\/leadnow.ch\/fr\/wp-json\/wp\/v2\/media?parent=2274"}],"curies":[{"name":"wp","href":"https:\/\/api.w.org\/{rel}","templated":true}]}}