{"id":2268,"date":"2024-08-28T11:48:24","date_gmt":"2024-08-28T11:48:24","guid":{"rendered":"https:\/\/leadnow.ch\/les-solutions\/self-service\/"},"modified":"2025-04-17T15:39:55","modified_gmt":"2025-04-17T15:39:55","slug":"situations-standard","status":"publish","type":"page","link":"https:\/\/leadnow.ch\/fr\/les-solutions\/situations-standard\/","title":{"rendered":"Situations Standard"},"content":{"rendered":"\t\t<div data-elementor-type=\"wp-page\" data-elementor-id=\"2268\" class=\"elementor elementor-2268 elementor-908\" data-elementor-post-type=\"page\">\n\t\t\t\t<div class=\"elementor-element elementor-element-2775d085 page-title-area e-flex e-con-boxed e-con e-parent\" data-id=\"2775d085\" data-element_type=\"container\" data-e-type=\"container\" data-settings=\"{&quot;background_background&quot;:&quot;gradient&quot;}\">\n\t\t\t\t\t<div class=\"e-con-inner\">\n\t\t\t\t<div class=\"elementor-element elementor-element-c0f865d elementor-widget__width-initial elementor-widget elementor-widget-heading\" data-id=\"c0f865d\" data-element_type=\"widget\" data-e-type=\"widget\" data-widget_type=\"heading.default\">\n\t\t\t\t<div class=\"elementor-widget-container\">\n\t\t\t\t\t<h1 class=\"elementor-heading-title elementor-size-default\">Situations Standard<\/h1>\t\t\t\t<\/div>\n\t\t\t\t<\/div>\n\t\t\t\t\t<\/div>\n\t\t\t\t<\/div>\n\t\t<div class=\"elementor-element elementor-element-607e521 e-flex e-con-boxed e-con e-parent\" data-id=\"607e521\" data-element_type=\"container\" data-e-type=\"container\" data-settings=\"{&quot;background_background&quot;:&quot;classic&quot;}\">\n\t\t\t\t\t<div class=\"e-con-inner\">\n\t\t<div class=\"elementor-element elementor-element-9f6885c e-con-full e-flex e-con e-child\" data-id=\"9f6885c\" data-element_type=\"container\" data-e-type=\"container\">\n\t\t\t\t<div class=\"elementor-element elementor-element-a312643 elementor-widget elementor-widget-image\" data-id=\"a312643\" data-element_type=\"widget\" data-e-type=\"widget\" data-widget_type=\"image.default\">\n\t\t\t\t<div class=\"elementor-widget-container\">\n\t\t\t\t\t\t\t\t\t\t\t\t\t\t\t<img fetchpriority=\"high\" decoding=\"async\" width=\"768\" height=\"768\" src=\"https:\/\/leadnow.ch\/wp-content\/uploads\/2024\/10\/8dd45cea-768x768.png\" class=\"attachment-medium_large size-medium_large wp-image-1792\" alt=\"\" srcset=\"https:\/\/leadnow.ch\/wp-content\/uploads\/2024\/10\/8dd45cea-768x768.png 768w, https:\/\/leadnow.ch\/wp-content\/uploads\/2024\/10\/8dd45cea-720x720.png 720w, https:\/\/leadnow.ch\/wp-content\/uploads\/2024\/10\/8dd45cea-360x360.png 360w, https:\/\/leadnow.ch\/wp-content\/uploads\/2024\/10\/8dd45cea.png 1024w\" sizes=\"(max-width: 768px) 100vw, 768px\" loading=\"eager\" \/>\t\t\t\t\t\t\t\t\t\t\t\t\t\t\t<\/div>\n\t\t\t\t<\/div>\n\t\t\t\t<\/div>\n\t\t<div class=\"elementor-element elementor-element-21aed1b e-con-full e-flex e-con e-child\" data-id=\"21aed1b\" data-element_type=\"container\" data-e-type=\"container\">\n\t\t\t\t<div class=\"elementor-element elementor-element-379a00c elementor-widget elementor-widget-heading\" data-id=\"379a00c\" data-element_type=\"widget\" data-e-type=\"widget\" data-widget_type=\"heading.default\">\n\t\t\t\t<div class=\"elementor-widget-container\">\n\t\t\t\t\t<h2 class=\"elementor-heading-title elementor-size-default\">Entra\u00eenez les muscles de votre leadership en ligne<\/h2>\t\t\t\t<\/div>\n\t\t\t\t<\/div>\n\t\t<div class=\"elementor-element elementor-element-29023b0 e-con-full e-flex e-con e-child\" data-id=\"29023b0\" data-element_type=\"container\" data-e-type=\"container\">\n\t\t\t\t<div class=\"elementor-element elementor-element-c78f528 elementor-widget elementor-widget-text-editor\" data-id=\"c78f528\" data-element_type=\"widget\" data-e-type=\"widget\" data-widget_type=\"text-editor.default\">\n\t\t\t\t<div class=\"elementor-widget-container\">\n\t\t\t\t\t\t\t\t\t<p>Comment fixer des objectifs ? Comment donner un feedback ? Comment est-ce que je d\u00e9l\u00e8gue les d\u00e9cisions ? Est-ce que je mets la pression ou est-ce que je demande comment les choses peuvent \u00eatre faites ?   <\/p>\n\t\t\t\t\t\t\t\t<\/div>\n\t\t\t\t<\/div>\n\t\t\t\t<div class=\"elementor-element elementor-element-f97042c elementor-widget elementor-widget-text-editor\" data-id=\"f97042c\" data-element_type=\"widget\" data-e-type=\"widget\" data-widget_type=\"text-editor.default\">\n\t\t\t\t<div class=\"elementor-widget-container\">\n\t\t\t\t\t\t\t\t\t<p>La gestion efficace des situations standard est un must pour les cadres efficaces. Les Situations Standard sont des cours \u00e0 domicile pour renforcer le r\u00e9pertoire standard. Les participants sont directement confront\u00e9s \u00e0 des cas situationnels et doivent r\u00e9agir spontan\u00e9ment (comme dans le vrai quotidien des cadres). Le format num\u00e9rique le rend disponible en ligne \u00e0 tout moment. Le feed-back est donn\u00e9 imm\u00e9diatement apr\u00e8s chaque exercice.<\/p>\n\t\t\t\t\t\t\t\t<\/div>\n\t\t\t\t<\/div>\n\t\t\t\t<\/div>\n\t\t<div class=\"elementor-element elementor-element-b6be114 e-flex e-con-boxed e-con e-child\" data-id=\"b6be114\" data-element_type=\"container\" data-e-type=\"container\">\n\t\t\t\t\t<div class=\"e-con-inner\">\n\t\t<div class=\"elementor-element elementor-element-d547879 e-con-full e-flex e-con e-child\" data-id=\"d547879\" data-element_type=\"container\" data-e-type=\"container\">\n\t\t\t\t<div class=\"elementor-element elementor-element-3cba7c5 elementor-align-justify elementor-widget elementor-widget-button\" data-id=\"3cba7c5\" data-element_type=\"widget\" data-e-type=\"widget\" data-widget_type=\"button.default\">\n\t\t\t\t<div class=\"elementor-widget-container\">\n\t\t\t\t\t\t\t\t\t<div class=\"elementor-button-wrapper\">\n\t\t\t\t\t<a class=\"elementor-button elementor-button-link elementor-size-sm\" href=\"https:\/\/ask.leadnow.ch\/fn2dfgs0b\">\n\t\t\t\t\t\t<span class=\"elementor-button-content-wrapper\">\n\t\t\t\t\t\t\t\t\t<span class=\"elementor-button-text\">Essayez-le ici et maintenant<\/span>\n\t\t\t\t\t<\/span>\n\t\t\t\t\t<\/a>\n\t\t\t\t<\/div>\n\t\t\t\t\t\t\t\t<\/div>\n\t\t\t\t<\/div>\n\t\t\t\t<\/div>\n\t\t<div class=\"elementor-element elementor-element-3d53a91 e-con-full e-flex e-con e-child\" data-id=\"3d53a91\" data-element_type=\"container\" data-e-type=\"container\">\n\t\t\t\t<div class=\"elementor-element elementor-element-94d9ea3 elementor-align-justify elementor-widget__width-initial elementor-widget elementor-widget-button\" data-id=\"94d9ea3\" data-element_type=\"widget\" data-e-type=\"widget\" data-widget_type=\"button.default\">\n\t\t\t\t<div class=\"elementor-widget-container\">\n\t\t\t\t\t\t\t\t\t<div class=\"elementor-button-wrapper\">\n\t\t\t\t\t<a class=\"elementor-button elementor-button-link elementor-size-sm\" href=\"https:\/\/leadnow.ch\/fr\/les-solutions\/\">\n\t\t\t\t\t\t<span class=\"elementor-button-content-wrapper\">\n\t\t\t\t\t\t\t\t\t<span class=\"elementor-button-text\"> Solutions<\/span>\n\t\t\t\t\t<\/span>\n\t\t\t\t\t<\/a>\n\t\t\t\t<\/div>\n\t\t\t\t\t\t\t\t<\/div>\n\t\t\t\t<\/div>\n\t\t\t\t<div class=\"elementor-element elementor-element-7746d4e elementor-align-justify elementor-widget__width-initial elementor-widget elementor-widget-button\" data-id=\"7746d4e\" data-element_type=\"widget\" data-e-type=\"widget\" data-widget_type=\"button.default\">\n\t\t\t\t<div class=\"elementor-widget-container\">\n\t\t\t\t\t\t\t\t\t<div class=\"elementor-button-wrapper\">\n\t\t\t\t\t<a class=\"elementor-button elementor-button-link elementor-size-sm\" href=\"https:\/\/leadnow.ch\/fr\/contact\/\">\n\t\t\t\t\t\t<span class=\"elementor-button-content-wrapper\">\n\t\t\t\t\t\t\t\t\t<span class=\"elementor-button-text\">Contact<\/span>\n\t\t\t\t\t<\/span>\n\t\t\t\t\t<\/a>\n\t\t\t\t<\/div>\n\t\t\t\t\t\t\t\t<\/div>\n\t\t\t\t<\/div>\n\t\t\t\t<\/div>\n\t\t\t\t\t<\/div>\n\t\t\t\t<\/div>\n\t\t\t\t<\/div>\n\t\t\t\t\t<\/div>\n\t\t\t\t<\/div>\n\t\t\t\t<\/div>\n\t\t","protected":false},"excerpt":{"rendered":"<p>Entra\u00eenez les muscles de votre leadership en ligne Comment fixer des objectifs ? Comment donner un feedback ? Comment est-ce que je d\u00e9l\u00e8gue les d\u00e9cisions ? Est-ce que je mets la pression ou est-ce que je demande comment les choses peuvent \u00eatre faites ? La gestion efficace des situations standard est un must pour les [&hellip;]<\/p>\n","protected":false},"author":1,"featured_media":0,"parent":2264,"menu_order":0,"comment_status":"closed","ping_status":"closed","template":"","meta":{"_acf_changed":false,"footnotes":""},"class_list":["post-2268","page","type-page","status-publish","hentry"],"blocksy_meta":[],"acf":[],"_links":{"self":[{"href":"https:\/\/leadnow.ch\/fr\/wp-json\/wp\/v2\/pages\/2268","targetHints":{"allow":["GET"]}}],"collection":[{"href":"https:\/\/leadnow.ch\/fr\/wp-json\/wp\/v2\/pages"}],"about":[{"href":"https:\/\/leadnow.ch\/fr\/wp-json\/wp\/v2\/types\/page"}],"author":[{"embeddable":true,"href":"https:\/\/leadnow.ch\/fr\/wp-json\/wp\/v2\/users\/1"}],"replies":[{"embeddable":true,"href":"https:\/\/leadnow.ch\/fr\/wp-json\/wp\/v2\/comments?post=2268"}],"version-history":[{"count":3,"href":"https:\/\/leadnow.ch\/fr\/wp-json\/wp\/v2\/pages\/2268\/revisions"}],"predecessor-version":[{"id":5043,"href":"https:\/\/leadnow.ch\/fr\/wp-json\/wp\/v2\/pages\/2268\/revisions\/5043"}],"up":[{"embeddable":true,"href":"https:\/\/leadnow.ch\/fr\/wp-json\/wp\/v2\/pages\/2264"}],"wp:attachment":[{"href":"https:\/\/leadnow.ch\/fr\/wp-json\/wp\/v2\/media?parent=2268"}],"curies":[{"name":"wp","href":"https:\/\/api.w.org\/{rel}","templated":true}]}}