{"id":2257,"date":"2024-08-20T13:43:26","date_gmt":"2024-08-20T13:43:26","guid":{"rendered":"https:\/\/leadnow.ch\/leadnow-academy\/"},"modified":"2025-04-17T10:49:54","modified_gmt":"2025-04-17T10:49:54","slug":"leadnow-academy","status":"publish","type":"page","link":"https:\/\/leadnow.ch\/fr\/les-solutions\/leadnow-academy\/","title":{"rendered":"Leadnow Academy"},"content":{"rendered":"\t\t<div data-elementor-type=\"wp-page\" data-elementor-id=\"2257\" class=\"elementor elementor-2257 elementor-850\" data-elementor-post-type=\"page\">\n\t\t\t\t<div class=\"elementor-element elementor-element-2f1b7ac page-title-area e-flex e-con-boxed e-con e-parent\" data-id=\"2f1b7ac\" data-element_type=\"container\" data-e-type=\"container\" data-settings=\"{&quot;background_background&quot;:&quot;gradient&quot;}\">\n\t\t\t\t\t<div class=\"e-con-inner\">\n\t\t\t\t<div class=\"elementor-element elementor-element-0c9ee35 elementor-widget elementor-widget-heading\" data-id=\"0c9ee35\" data-element_type=\"widget\" data-e-type=\"widget\" data-widget_type=\"heading.default\">\n\t\t\t\t<div class=\"elementor-widget-container\">\n\t\t\t\t\t<h1 class=\"elementor-heading-title elementor-size-default\">Leadnow Academy<\/h1>\t\t\t\t<\/div>\n\t\t\t\t<\/div>\n\t\t\t\t<div class=\"elementor-element elementor-element-92f0b16 elementor-widget__width-initial elementor-widget elementor-widget-heading\" data-id=\"92f0b16\" data-element_type=\"widget\" data-e-type=\"widget\" data-widget_type=\"heading.default\">\n\t\t\t\t<div class=\"elementor-widget-container\">\n\t\t\t\t\t<h1 class=\"elementor-heading-title elementor-size-default\">Nous organisons le d\u00e9veloppement de votre leadership<\/h1>\t\t\t\t<\/div>\n\t\t\t\t<\/div>\n\t\t\t\t\t<\/div>\n\t\t\t\t<\/div>\n\t\t<div class=\"elementor-element elementor-element-0d14141 e-flex e-con-boxed e-con e-parent\" data-id=\"0d14141\" data-element_type=\"container\" data-e-type=\"container\" data-settings=\"{&quot;background_background&quot;:&quot;classic&quot;}\">\n\t\t\t\t\t<div class=\"e-con-inner\">\n\t\t<div class=\"elementor-element elementor-element-c7521a1 e-con-full e-flex e-con e-child\" data-id=\"c7521a1\" data-element_type=\"container\" data-e-type=\"container\">\n\t\t<div class=\"elementor-element elementor-element-62e0795 e-con-full e-flex e-con e-child\" data-id=\"62e0795\" data-element_type=\"container\" data-e-type=\"container\" data-settings=\"{&quot;background_background&quot;:&quot;classic&quot;}\">\n\t\t\t\t<div class=\"elementor-element elementor-element-8815525 elementor-widget elementor-widget-video\" data-id=\"8815525\" data-element_type=\"widget\" data-e-type=\"widget\" data-settings=\"{&quot;youtube_url&quot;:&quot;https:\\\/\\\/youtu.be\\\/oZU2JfmLR_E&quot;,&quot;video_type&quot;:&quot;youtube&quot;,&quot;controls&quot;:&quot;yes&quot;}\" data-widget_type=\"video.default\">\n\t\t\t\t<div class=\"elementor-widget-container\">\n\t\t\t\t\t\t\t<div class=\"elementor-wrapper elementor-open-inline\">\n\t\t\t<div class=\"elementor-video\"><\/div>\t\t<\/div>\n\t\t\t\t\t\t<\/div>\n\t\t\t\t<\/div>\n\t\t\t\t<\/div>\n\t\t<div class=\"elementor-element elementor-element-7cef912 e-con-full e-flex e-con e-child\" data-id=\"7cef912\" data-element_type=\"container\" data-e-type=\"container\">\n\t\t\t\t<div class=\"elementor-element elementor-element-980ca2d elementor-widget elementor-widget-heading\" data-id=\"980ca2d\" data-element_type=\"widget\" data-e-type=\"widget\" data-widget_type=\"heading.default\">\n\t\t\t\t<div class=\"elementor-widget-container\">\n\t\t\t\t\t<h2 class=\"elementor-heading-title elementor-size-default\">Qu'est-ce que la Leadnow Academy ?<\/h2>\t\t\t\t<\/div>\n\t\t\t\t<\/div>\n\t\t\t\t<div class=\"elementor-element elementor-element-0e3c29d elementor-widget elementor-widget-text-editor\" data-id=\"0e3c29d\" data-element_type=\"widget\" data-e-type=\"widget\" data-widget_type=\"text-editor.default\">\n\t\t\t\t<div class=\"elementor-widget-container\">\n\t\t\t\t\t\t\t\t\t<p>Leadnow Academy est tout ce dont vous avez besoin pour rendre vos dirigeants plus efficaces :<\/p><ul><li>Un ensemble complet d&rsquo;outils et d&rsquo;approches pour entra\u00eener les muscles du leadership.<\/li><li>Contenus et conseils traitant de tous les types de d\u00e9fis de leadership.<\/li><li>\u00c9valuation du statu quo et du succ\u00e8s des comp\u00e9tences de leadership individuelles et collectives<\/li><\/ul>\t\t\t\t\t\t\t\t<\/div>\n\t\t\t\t<\/div>\n\t\t\t\t<\/div>\n\t\t\t\t<\/div>\n\t\t<div class=\"elementor-element elementor-element-2a93737 e-con-full e-flex e-con e-child\" data-id=\"2a93737\" data-element_type=\"container\" data-e-type=\"container\">\n\t\t\t\t<div class=\"elementor-element elementor-element-d87ac1f elementor-widget__width-initial elementor-widget-tablet__width-inherit elementor-widget elementor-widget-text-editor\" data-id=\"d87ac1f\" data-element_type=\"widget\" data-e-type=\"widget\" data-widget_type=\"text-editor.default\">\n\t\t\t\t<div class=\"elementor-widget-container\">\n\t\t\t\t\t\t\t\t\t<p>Et le plus important : en adaptant la Leadnow Academy \u00e0 vos d\u00e9fis et \u00e0 la strat\u00e9gie de votre entreprise, elle devient VOTRE Academy. C&rsquo;est la cl\u00e9, car : Le leadership est un service qui permet de mettre en \u0153uvre la strat\u00e9gie et de relever les d\u00e9fis.<\/p>\t\t\t\t\t\t\t\t<\/div>\n\t\t\t\t<\/div>\n\t\t\t\t<\/div>\n\t\t\t\t\t<\/div>\n\t\t\t\t<\/div>\n\t\t<div class=\"elementor-element elementor-element-3b75223 e-flex e-con-boxed e-con e-parent\" data-id=\"3b75223\" data-element_type=\"container\" data-e-type=\"container\" data-settings=\"{&quot;background_background&quot;:&quot;classic&quot;}\">\n\t\t\t\t\t<div class=\"e-con-inner\">\n\t\t<div class=\"elementor-element elementor-element-0d5d45c e-con-full e-flex e-con e-child\" data-id=\"0d5d45c\" data-element_type=\"container\" data-e-type=\"container\">\n\t\t\t\t<div class=\"elementor-element elementor-element-d0d495c elementor-widget elementor-widget-heading\" data-id=\"d0d495c\" data-element_type=\"widget\" data-e-type=\"widget\" data-widget_type=\"heading.default\">\n\t\t\t\t<div class=\"elementor-widget-container\">\n\t\t\t\t\t<h2 class=\"elementor-heading-title elementor-size-default\">Comme nous le faisons habituellement<\/h2>\t\t\t\t<\/div>\n\t\t\t\t<\/div>\n\t\t\t\t<\/div>\n\t\t<div class=\"elementor-element elementor-element-3e775dc e-con-full e-flex e-con e-child\" data-id=\"3e775dc\" data-element_type=\"container\" data-e-type=\"container\">\n\t\t<div class=\"elementor-element elementor-element-1b2fcbe e-con-full e-flex e-con e-child\" data-id=\"1b2fcbe\" data-element_type=\"container\" data-e-type=\"container\">\n\t\t\t\t<div class=\"elementor-element elementor-element-d4a50be elementor-widget elementor-widget-text-editor\" data-id=\"d4a50be\" data-element_type=\"widget\" data-e-type=\"widget\" data-widget_type=\"text-editor.default\">\n\t\t\t\t<div class=\"elementor-widget-container\">\n\t\t\t\t\t\t\t\t\t<p><strong>Nous partons de vos besoins:<\/strong><\/p>\t\t\t\t\t\t\t\t<\/div>\n\t\t\t\t<\/div>\n\t\t\t\t<div class=\"elementor-element elementor-element-73b4037 elementor-widget elementor-widget-text-editor\" data-id=\"73b4037\" data-element_type=\"widget\" data-e-type=\"widget\" data-widget_type=\"text-editor.default\">\n\t\t\t\t<div class=\"elementor-widget-container\">\n\t\t\t\t\t\t\t\t\t<ul><li>Certaines entreprises recherchent un d\u00e9veloppement syst\u00e9matique du leadership. Dans ce cas, nous commen\u00e7ons de mani\u00e8re globale: nous harmonisons les objectifs avec votre strat\u00e9gie et commen\u00e7ons par les offres appropri\u00e9es.<\/li><li>D&rsquo;autres entreprises ont des d\u00e9fis sp\u00e9cifiques: Comme des conflits, un taux de rotation \u00e9lev\u00e9 ou un manque de volont\u00e9 d&rsquo;innover. Nous commen\u00e7ons alors \u00e0 aider les cadres \u00e0 relever pr\u00e9cis\u00e9ment leurs d\u00e9fis.<\/li><\/ul>\t\t\t\t\t\t\t\t<\/div>\n\t\t\t\t<\/div>\n\t\t\t\t<\/div>\n\t\t<div class=\"elementor-element elementor-element-1d16337 e-con-full e-flex e-con e-child\" data-id=\"1d16337\" data-element_type=\"container\" data-e-type=\"container\">\n\t\t\t\t<div class=\"elementor-element elementor-element-cfd91b4 elementor-widget elementor-widget-text-editor\" data-id=\"cfd91b4\" data-element_type=\"widget\" data-e-type=\"widget\" data-widget_type=\"text-editor.default\">\n\t\t\t\t<div class=\"elementor-widget-container\">\n\t\t\t\t\t\t\t\t\t<p>Peu importe par o\u00f9 nous commen\u00e7ons \u2014 L&rsquo;Acad\u00e9mie s&rsquo;est construite autour de ces trois piliers dans le cadre d&rsquo;un processus it\u00e9ratif:<\/p>\t\t\t\t\t\t\t\t<\/div>\n\t\t\t\t<\/div>\n\t\t\t\t<div class=\"elementor-element elementor-element-b3f10ec elementor-widget elementor-widget-image\" data-id=\"b3f10ec\" data-element_type=\"widget\" data-e-type=\"widget\" data-widget_type=\"image.default\">\n\t\t\t\t<div class=\"elementor-widget-container\">\n\t\t\t\t\t\t\t\t\t\t\t\t\t\t\t\t<a href=\"https:\/\/leadnow.ch\/wp-content\/uploads\/2025\/04\/b3962b31.png\" data-elementor-open-lightbox=\"yes\" data-elementor-lightbox-title=\"e3d4f6e1.png\" data-e-action-hash=\"#elementor-action%3Aaction%3Dlightbox%26settings%3DeyJpZCI6NDgyMiwidXJsIjoiaHR0cHM6XC9cL2xlYWRub3cuY2hcL3dwLWNvbnRlbnRcL3VwbG9hZHNcLzIwMjVcLzA0XC9iMzk2MmIzMS5wbmcifQ%3D%3D\">\n\t\t\t\t\t\t\t<img fetchpriority=\"high\" decoding=\"async\" width=\"1024\" height=\"576\" src=\"https:\/\/leadnow.ch\/wp-content\/uploads\/2025\/04\/b3962b31-1024x576.png\" class=\"attachment-large size-large wp-image-4822\" alt=\"\" srcset=\"https:\/\/leadnow.ch\/wp-content\/uploads\/2025\/04\/b3962b31-1024x576.png 1024w, https:\/\/leadnow.ch\/wp-content\/uploads\/2025\/04\/b3962b31-720x405.png 720w, https:\/\/leadnow.ch\/wp-content\/uploads\/2025\/04\/b3962b31-360x203.png 360w, https:\/\/leadnow.ch\/wp-content\/uploads\/2025\/04\/b3962b31-768x432.png 768w, https:\/\/leadnow.ch\/wp-content\/uploads\/2025\/04\/b3962b31-1536x864.png 1536w, https:\/\/leadnow.ch\/wp-content\/uploads\/2025\/04\/b3962b31.png 1920w\" sizes=\"(max-width: 1024px) 100vw, 1024px\" loading=\"eager\" \/>\t\t\t\t\t\t\t\t<\/a>\n\t\t\t\t\t\t\t\t\t\t\t\t\t\t\t<\/div>\n\t\t\t\t<\/div>\n\t\t\t\t<\/div>\n\t\t\t\t<\/div>\n\t\t\t\t\t<\/div>\n\t\t\t\t<\/div>\n\t\t<div class=\"elementor-element elementor-element-55e6a16 e-flex e-con-boxed e-con e-parent\" data-id=\"55e6a16\" data-element_type=\"container\" data-e-type=\"container\" data-settings=\"{&quot;background_background&quot;:&quot;classic&quot;}\">\n\t\t\t\t\t<div class=\"e-con-inner\">\n\t\t<div class=\"elementor-element elementor-element-10ddc27 e-con-full e-flex e-con e-child\" data-id=\"10ddc27\" data-element_type=\"container\" data-e-type=\"container\">\n\t\t<div class=\"elementor-element elementor-element-06f7c88 e-con-full e-flex e-con e-child\" data-id=\"06f7c88\" data-element_type=\"container\" data-e-type=\"container\">\n\t\t\t\t<div class=\"elementor-element elementor-element-1989737 elementor-widget__width-initial elementor-absolute elementor-widget elementor-widget-heading\" data-id=\"1989737\" data-element_type=\"widget\" data-e-type=\"widget\" data-settings=\"{&quot;_position&quot;:&quot;absolute&quot;}\" data-widget_type=\"heading.default\">\n\t\t\t\t<div class=\"elementor-widget-container\">\n\t\t\t\t\t<span class=\"elementor-heading-title elementor-size-default\">1<\/span>\t\t\t\t<\/div>\n\t\t\t\t<\/div>\n\t\t\t\t<div class=\"elementor-element elementor-element-104e74e elementor-widget elementor-widget-heading\" data-id=\"104e74e\" data-element_type=\"widget\" data-e-type=\"widget\" data-widget_type=\"heading.default\">\n\t\t\t\t<div class=\"elementor-widget-container\">\n\t\t\t\t\t<h2 class=\"elementor-heading-title elementor-size-default\">Objectifs<\/h2>\t\t\t\t<\/div>\n\t\t\t\t<\/div>\n\t\t\t\t<div class=\"elementor-element elementor-element-02efce1 elementor-widget elementor-widget-text-editor\" data-id=\"02efce1\" data-element_type=\"widget\" data-e-type=\"widget\" data-widget_type=\"text-editor.default\">\n\t\t\t\t<div class=\"elementor-widget-container\">\n\t\t\t\t\t\t\t\t\t<p>L&rsquo;alignement sur votre strat\u00e9gie fait du leadership un service efficace pour atteindre vos objectifs. Cela implique g\u00e9n\u00e9ralement un atelier avec la direction. Cette \u00e9tape est d\u00e9cisive pour le succ\u00e8s: une direction efficace exige un engagement clair de la part du CD.<\/p>\t\t\t\t\t\t\t\t<\/div>\n\t\t\t\t<\/div>\n\t\t\t\t<\/div>\n\t\t\t\t<\/div>\n\t\t<div class=\"elementor-element elementor-element-f82debd e-con-full e-flex e-con e-child\" data-id=\"f82debd\" data-element_type=\"container\" data-e-type=\"container\">\n\t\t<div class=\"elementor-element elementor-element-0f91d7e e-con-full e-flex e-con e-child\" data-id=\"0f91d7e\" data-element_type=\"container\" data-e-type=\"container\">\n\t\t\t\t<div class=\"elementor-element elementor-element-b42e928 elementor-widget__width-initial elementor-absolute elementor-widget elementor-widget-heading\" data-id=\"b42e928\" data-element_type=\"widget\" data-e-type=\"widget\" data-settings=\"{&quot;_position&quot;:&quot;absolute&quot;}\" data-widget_type=\"heading.default\">\n\t\t\t\t<div class=\"elementor-widget-container\">\n\t\t\t\t\t<span class=\"elementor-heading-title elementor-size-default\">2<\/span>\t\t\t\t<\/div>\n\t\t\t\t<\/div>\n\t\t\t\t<div class=\"elementor-element elementor-element-352e771 elementor-widget elementor-widget-heading\" data-id=\"352e771\" data-element_type=\"widget\" data-e-type=\"widget\" data-widget_type=\"heading.default\">\n\t\t\t\t<div class=\"elementor-widget-container\">\n\t\t\t\t\t<h2 class=\"elementor-heading-title elementor-size-default\">L'\u00e9valuation <\/h2>\t\t\t\t<\/div>\n\t\t\t\t<\/div>\n\t\t\t\t<div class=\"elementor-element elementor-element-eb2cd4d elementor-widget elementor-widget-text-editor\" data-id=\"eb2cd4d\" data-element_type=\"widget\" data-e-type=\"widget\" data-widget_type=\"text-editor.default\">\n\t\t\t\t<div class=\"elementor-widget-container\">\n\t\t\t\t\t\t\t\t\t<p>Au niveau individuel, les participants re\u00e7oivent leur Leadnow Navigator (lien), qui leur montre l&rsquo;impact de leur style de leadership individuel. Au niveau de l&rsquo;entreprise, les feedbacks individuels consolid\u00e9s fournissent un retour d&rsquo;information pertinent &#8211; de mani\u00e8re anonyme.<\/p>\t\t\t\t\t\t\t\t<\/div>\n\t\t\t\t<\/div>\n\t\t\t\t<\/div>\n\t\t\t\t<\/div>\n\t\t<div class=\"elementor-element elementor-element-9072749 e-con-full e-flex e-con e-child\" data-id=\"9072749\" data-element_type=\"container\" data-e-type=\"container\">\n\t\t<div class=\"elementor-element elementor-element-78a0ea0 e-con-full e-flex e-con e-child\" data-id=\"78a0ea0\" data-element_type=\"container\" data-e-type=\"container\">\n\t\t\t\t<div class=\"elementor-element elementor-element-6387831 elementor-widget__width-initial elementor-absolute elementor-widget elementor-widget-heading\" data-id=\"6387831\" data-element_type=\"widget\" data-e-type=\"widget\" data-settings=\"{&quot;_position&quot;:&quot;absolute&quot;}\" data-widget_type=\"heading.default\">\n\t\t\t\t<div class=\"elementor-widget-container\">\n\t\t\t\t\t<span class=\"elementor-heading-title elementor-size-default\">3<\/span>\t\t\t\t<\/div>\n\t\t\t\t<\/div>\n\t\t\t\t<div class=\"elementor-element elementor-element-3883ac4 elementor-widget elementor-widget-heading\" data-id=\"3883ac4\" data-element_type=\"widget\" data-e-type=\"widget\" data-widget_type=\"heading.default\">\n\t\t\t\t<div class=\"elementor-widget-container\">\n\t\t\t\t\t<h2 class=\"elementor-heading-title elementor-size-default\">Mise en \u0153uvre<\/h2>\t\t\t\t<\/div>\n\t\t\t\t<\/div>\n\t\t\t\t<div class=\"elementor-element elementor-element-da1a210 elementor-widget elementor-widget-text-editor\" data-id=\"da1a210\" data-element_type=\"widget\" data-e-type=\"widget\" data-widget_type=\"text-editor.default\">\n\t\t\t\t<div class=\"elementor-widget-container\">\n\t\t\t\t\t\t\t\t\t<p>Un ensemble performant d&rsquo;outils et de m\u00e9thodes permet \u00e0 vos cadres de s&rsquo;\u00e9panouir en relevant leurs d\u00e9fis. Ces outils et m\u00e9thodes sont d\u00e9crits <a href=\"https:\/\/leadnow.ch\/losungen\/\">ici<\/a>.<\/p><p>Construire votre acad\u00e9mie, c&rsquo;est combiner et adapter les outils les plus adapt\u00e9s \u00e0 vos d\u00e9fis et objectifs.<\/p>\t\t\t\t\t\t\t\t<\/div>\n\t\t\t\t<\/div>\n\t\t\t\t<\/div>\n\t\t\t\t<\/div>\n\t\t\t\t\t<\/div>\n\t\t\t\t<\/div>\n\t\t<div class=\"elementor-element elementor-element-a0d5ab0 e-flex e-con-boxed e-con e-parent\" data-id=\"a0d5ab0\" data-element_type=\"container\" data-e-type=\"container\" data-settings=\"{&quot;background_background&quot;:&quot;classic&quot;}\">\n\t\t\t\t\t<div class=\"e-con-inner\">\n\t\t\t\t<div class=\"elementor-element elementor-element-763ca49 elementor-widget-divider--view-line elementor-widget elementor-widget-divider\" data-id=\"763ca49\" data-element_type=\"widget\" data-e-type=\"widget\" data-widget_type=\"divider.default\">\n\t\t\t\t<div class=\"elementor-widget-container\">\n\t\t\t\t\t\t\t<div class=\"elementor-divider\">\n\t\t\t<span class=\"elementor-divider-separator\">\n\t\t\t\t\t\t<\/span>\n\t\t<\/div>\n\t\t\t\t\t\t<\/div>\n\t\t\t\t<\/div>\n\t\t\t\t\t<\/div>\n\t\t\t\t<\/div>\n\t\t<div class=\"elementor-element elementor-element-d23b61a e-flex e-con-boxed e-con e-parent\" data-id=\"d23b61a\" data-element_type=\"container\" data-e-type=\"container\" data-settings=\"{&quot;background_background&quot;:&quot;classic&quot;}\">\n\t\t\t\t\t<div class=\"e-con-inner\">\n\t\t<a class=\"elementor-element elementor-element-bbe01fd e-con-full e-flex e-con e-child\" data-id=\"bbe01fd\" data-element_type=\"container\" data-e-type=\"container\" data-settings=\"{&quot;background_background&quot;:&quot;classic&quot;}\" href=\"https:\/\/leadnow.ch\/fr\/les-solutions\/\">\n\t\t\t\t<div class=\"elementor-element elementor-element-66a0761 elementor-view-default elementor-widget elementor-widget-icon\" data-id=\"66a0761\" data-element_type=\"widget\" data-e-type=\"widget\" data-widget_type=\"icon.default\">\n\t\t\t\t<div class=\"elementor-widget-container\">\n\t\t\t\t\t\t\t<div class=\"elementor-icon-wrapper\">\n\t\t\t<div class=\"elementor-icon\">\n\t\t\t<i aria-hidden=\"true\" class=\"fas fa-briefcase\"><\/i>\t\t\t<\/div>\n\t\t<\/div>\n\t\t\t\t\t\t<\/div>\n\t\t\t\t<\/div>\n\t\t\t\t<div class=\"elementor-element elementor-element-11aba39 elementor-widget elementor-widget-text-editor\" data-id=\"11aba39\" data-element_type=\"widget\" data-e-type=\"widget\" data-widget_type=\"text-editor.default\">\n\t\t\t\t<div class=\"elementor-widget-container\">\n\t\t\t\t\t\t\t\t\t<p>Les Solutions<\/p>\t\t\t\t\t\t\t\t<\/div>\n\t\t\t\t<\/div>\n\t\t\t\t<\/a>\n\t\t<a class=\"elementor-element elementor-element-bf94039 e-con-full e-flex e-con e-child\" data-id=\"bf94039\" data-element_type=\"container\" data-e-type=\"container\" data-settings=\"{&quot;background_background&quot;:&quot;classic&quot;}\" href=\"https:\/\/leadnow.ch\/fr\/contact\/\">\n\t\t\t\t<div class=\"elementor-element elementor-element-a8c6300 elementor-view-default elementor-widget elementor-widget-icon\" data-id=\"a8c6300\" data-element_type=\"widget\" data-e-type=\"widget\" data-widget_type=\"icon.default\">\n\t\t\t\t<div class=\"elementor-widget-container\">\n\t\t\t\t\t\t\t<div class=\"elementor-icon-wrapper\">\n\t\t\t<div class=\"elementor-icon\">\n\t\t\t<i aria-hidden=\"true\" class=\"fas fa-users\"><\/i>\t\t\t<\/div>\n\t\t<\/div>\n\t\t\t\t\t\t<\/div>\n\t\t\t\t<\/div>\n\t\t\t\t<div class=\"elementor-element elementor-element-b504534 elementor-widget elementor-widget-text-editor\" data-id=\"b504534\" data-element_type=\"widget\" data-e-type=\"widget\" data-widget_type=\"text-editor.default\">\n\t\t\t\t<div class=\"elementor-widget-container\">\n\t\t\t\t\t\t\t\t\t<p>Contact<\/p>\t\t\t\t\t\t\t\t<\/div>\n\t\t\t\t<\/div>\n\t\t\t\t<\/a>\n\t\t\t\t\t<\/div>\n\t\t\t\t<\/div>\n\t\t<div class=\"elementor-element elementor-element-5ac9ffb testimonials-area elementor-hidden-desktop elementor-hidden-tablet elementor-hidden-mobile e-flex e-con-boxed e-con e-parent\" data-id=\"5ac9ffb\" data-element_type=\"container\" data-e-type=\"container\">\n\t\t\t\t\t<div class=\"e-con-inner\">\n\t\t<div class=\"elementor-element elementor-element-571c501 e-con-full e-flex e-con e-child\" data-id=\"571c501\" data-element_type=\"container\" data-e-type=\"container\">\n\t\t<div class=\"elementor-element elementor-element-bcaa6b6 e-con-full e-flex e-con e-child\" data-id=\"bcaa6b6\" data-element_type=\"container\" data-e-type=\"container\">\n\t\t\t\t<div class=\"elementor-element elementor-element-f7696c3 elementor-widget elementor-widget-heading\" data-id=\"f7696c3\" data-element_type=\"widget\" data-e-type=\"widget\" data-widget_type=\"heading.default\">\n\t\t\t\t<div class=\"elementor-widget-container\">\n\t\t\t\t\t<h2 class=\"elementor-heading-title elementor-size-default\">Ce que les clients de Leadnow en disent<\/h2>\t\t\t\t<\/div>\n\t\t\t\t<\/div>\n\t\t\t\t<\/div>\n\t\t<div class=\"elementor-element elementor-element-6ec60e4 e-con-full e-flex e-con e-child\" data-id=\"6ec60e4\" data-element_type=\"container\" data-e-type=\"container\" data-settings=\"{&quot;background_background&quot;:&quot;classic&quot;}\">\n\t\t\t\t<div class=\"elementor-element elementor-element-ecb8cee elementor-widget__width-initial elementor-widget elementor-widget-html\" data-id=\"ecb8cee\" data-element_type=\"widget\" data-e-type=\"widget\" data-widget_type=\"html.default\">\n\t\t\t\t<div class=\"elementor-widget-container\">\n\t\t\t\t\t<svg viewBox=\"0 0 59 48\" fill=\"none\" xmlns=\"http:\/\/www.w3.org\/2000\/svg\">\n<path d=\"M26.617 36.8706C26.617 33.9004 25.7929 31.3741 24.1445 29.2916C21.6377 26.1508 16.7957 25.7753 13.9798 26.3898C12.8122 19.8009 18.444 11.4026 25.7242 7.78378L20.1267 0C9.13778 5.18919 -1.6451 17.138 0.209279 32.1935C1.37685 41.7184 6.90565 48 14.7353 48C18.1693 48 21.0195 47.01 23.2517 44.9957C25.5181 42.9815 26.617 40.2845 26.617 36.8706ZM59 36.8706C59 33.9004 58.1758 31.3741 56.5275 29.2916C54.0206 26.1508 49.1787 25.7753 46.3627 26.3898C45.1952 19.8009 50.827 11.4026 58.1071 7.78378L52.5097 0C41.5207 5.18919 30.7379 17.138 32.5923 32.1935C33.7598 41.7184 39.2886 48 47.1182 48C50.5523 48 53.4025 47.01 55.6346 44.9957C57.9011 42.9815 59 40.2845 59 36.8706Z\" fill=\"url(#paint0_linear_53_23)\"\/>\n<defs>\n<linearGradient id=\"paint0_linear_53_23\" x1=\"-3\" y1=\"-10\" x2=\"59\" y2=\"68.5\" gradientUnits=\"userSpaceOnUse\">\n<stop stop-color=\"#0A8F9B\"\/>\n<stop offset=\"1\" stop-color=\"#ABCD4C\"\/>\n<\/linearGradient>\n<\/defs>\n<\/svg>\t\t\t\t<\/div>\n\t\t\t\t<\/div>\n\t\t\t\t<div class=\"elementor-element elementor-element-7bc83df elementor-testimonial--skin-default elementor-testimonial--layout-image_inline elementor-testimonial--align-center elementor-pagination-type-bullets elementor-widget elementor-widget-testimonial-carousel\" data-id=\"7bc83df\" data-element_type=\"widget\" data-e-type=\"widget\" data-settings=\"{&quot;slides_per_view&quot;:&quot;1&quot;,&quot;slides_to_scroll&quot;:&quot;1&quot;,&quot;space_between&quot;:{&quot;unit&quot;:&quot;px&quot;,&quot;size&quot;:0,&quot;sizes&quot;:[]},&quot;space_between_tablet&quot;:{&quot;unit&quot;:&quot;px&quot;,&quot;size&quot;:0,&quot;sizes&quot;:[]},&quot;space_between_mobile&quot;:{&quot;unit&quot;:&quot;px&quot;,&quot;size&quot;:0,&quot;sizes&quot;:[]},&quot;pagination&quot;:&quot;bullets&quot;,&quot;speed&quot;:500,&quot;autoplay&quot;:&quot;yes&quot;,&quot;autoplay_speed&quot;:5000,&quot;loop&quot;:&quot;yes&quot;,&quot;pause_on_hover&quot;:&quot;yes&quot;,&quot;pause_on_interaction&quot;:&quot;yes&quot;}\" data-widget_type=\"testimonial-carousel.default\">\n\t\t\t\t<div class=\"elementor-widget-container\">\n\t\t\t\t\t\t\t\t\t<div class=\"elementor-swiper\">\n\t\t\t\t\t<div class=\"elementor-main-swiper swiper\" role=\"region\" aria-roledescription=\"carousel\" aria-label=\"Slider\">\n\t\t\t\t<div class=\"swiper-wrapper\">\n\t\t\t\t\t\t\t\t\t\t\t<div class=\"swiper-slide\" role=\"group\" aria-roledescription=\"slide\">\n\t\t\t\t\t\t\t\t\t<div class=\"elementor-testimonial\">\n\t\t\t\t\t\t\t<div class=\"elementor-testimonial__content\">\n\t\t\t\t\t<div class=\"elementor-testimonial__text\">\n\t\t\t\t\t\tAvec Leadnow, nous avons un partenaire qui r\u00e9pond \u00e0 nos questions sur le leadership et qui nous conseille individuellement. L'offre est adapt\u00e9e \u00e0 nos besoins sp\u00e9cifiques et nous permet de d\u00e9velopper les multiples aspects du leadership. L'efficacit\u00e9 de nos cadres au sein de l'entreprise s'en trouve durablement am\u00e9lior\u00e9e.\t\t\t\t\t<\/div>\n\t\t\t\t\t\t\t\t\t<\/div>\n\t\t\t\t\t\t<div class=\"elementor-testimonial__footer\">\n\t\t\t\t\t\t\t\t\t<div class=\"elementor-testimonial__image\">\n\t\t\t\t\t\t<img decoding=\"async\" src=\"https:\/\/leadnow.ch\/wp-content\/uploads\/2025\/04\/1336a038.png\" alt=\"Franziska Ebneter\">\n\t\t\t\t\t\t\t\t\t\t\t<\/div>\n\t\t\t\t\t\t\t\t<cite class=\"elementor-testimonial__cite\"><span class=\"elementor-testimonial__name\">Franziska Ebneter<\/span><span class=\"elementor-testimonial__title\">Responsable RH, Fortimo SA<\/span><\/cite>\t\t\t<\/div>\n\t\t<\/div>\n\t\t\t\t\t\t\t\t<\/div>\n\t\t\t\t\t\t\t\t\t<\/div>\n\t\t\t\t\t\t\t<\/div>\n\t\t\t\t<\/div>\n\t\t\t\t\t\t\t\t<\/div>\n\t\t\t\t<\/div>\n\t\t\t\t<\/div>\n\t\t\t\t<\/div>\n\t\t\t\t\t<\/div>\n\t\t\t\t<\/div>\n\t\t\t\t<\/div>\n\t\t","protected":false},"excerpt":{"rendered":"<p>Nous organisons le d\u00e9veloppement de votre leadership Qu&rsquo;est-ce que la Leadnow Academy ? Leadnow Academy est tout ce dont vous avez besoin pour rendre vos dirigeants plus efficaces : Un ensemble complet d&rsquo;outils et d&rsquo;approches pour entra\u00eener les muscles du leadership. Contenus et conseils traitant de tous les types de d\u00e9fis de leadership. \u00c9valuation du [&hellip;]<\/p>\n","protected":false},"author":1,"featured_media":0,"parent":2264,"menu_order":0,"comment_status":"closed","ping_status":"closed","template":"","meta":{"_acf_changed":false,"footnotes":""},"class_list":["post-2257","page","type-page","status-publish","hentry"],"blocksy_meta":[],"acf":[],"_links":{"self":[{"href":"https:\/\/leadnow.ch\/fr\/wp-json\/wp\/v2\/pages\/2257","targetHints":{"allow":["GET"]}}],"collection":[{"href":"https:\/\/leadnow.ch\/fr\/wp-json\/wp\/v2\/pages"}],"about":[{"href":"https:\/\/leadnow.ch\/fr\/wp-json\/wp\/v2\/types\/page"}],"author":[{"embeddable":true,"href":"https:\/\/leadnow.ch\/fr\/wp-json\/wp\/v2\/users\/1"}],"replies":[{"embeddable":true,"href":"https:\/\/leadnow.ch\/fr\/wp-json\/wp\/v2\/comments?post=2257"}],"version-history":[{"count":3,"href":"https:\/\/leadnow.ch\/fr\/wp-json\/wp\/v2\/pages\/2257\/revisions"}],"predecessor-version":[{"id":4997,"href":"https:\/\/leadnow.ch\/fr\/wp-json\/wp\/v2\/pages\/2257\/revisions\/4997"}],"up":[{"embeddable":true,"href":"https:\/\/leadnow.ch\/fr\/wp-json\/wp\/v2\/pages\/2264"}],"wp:attachment":[{"href":"https:\/\/leadnow.ch\/fr\/wp-json\/wp\/v2\/media?parent=2257"}],"curies":[{"name":"wp","href":"https:\/\/api.w.org\/{rel}","templated":true}]}}