{"id":1914,"date":"2024-08-28T12:12:21","date_gmt":"2024-08-28T12:12:21","guid":{"rendered":"https:\/\/leadnow.ch\/navigateur-leadnow\/"},"modified":"2025-04-11T15:29:05","modified_gmt":"2025-04-11T15:29:05","slug":"navigateur-leadnow","status":"publish","type":"page","link":"https:\/\/leadnow.ch\/fr\/les-solutions\/navigateur-leadnow\/","title":{"rendered":"Navigateur Leadnow"},"content":{"rendered":"\t\t<div data-elementor-type=\"wp-page\" data-elementor-id=\"1914\" class=\"elementor elementor-1914 elementor-928\" data-elementor-post-type=\"page\">\n\t\t\t\t<div class=\"elementor-element elementor-element-4db7b32 page-title-area e-flex e-con-boxed e-con e-parent\" data-id=\"4db7b32\" data-element_type=\"container\" data-e-type=\"container\" data-settings=\"{&quot;background_background&quot;:&quot;gradient&quot;}\">\n\t\t\t\t\t<div class=\"e-con-inner\">\n\t\t\t\t<div class=\"elementor-element elementor-element-8b30f82 elementor-widget__width-initial elementor-widget elementor-widget-heading\" data-id=\"8b30f82\" data-element_type=\"widget\" data-e-type=\"widget\" data-widget_type=\"heading.default\">\n\t\t\t\t<div class=\"elementor-widget-container\">\n\t\t\t\t\t<h1 class=\"elementor-heading-title elementor-size-default\">Navigateur Leadnow<\/h1>\t\t\t\t<\/div>\n\t\t\t\t<\/div>\n\t\t\t\t\t<\/div>\n\t\t\t\t<\/div>\n\t\t<div class=\"elementor-element elementor-element-b0a6ce8 e-flex e-con-boxed e-con e-parent\" data-id=\"b0a6ce8\" data-element_type=\"container\" data-e-type=\"container\" data-settings=\"{&quot;background_background&quot;:&quot;classic&quot;}\">\n\t\t\t\t\t<div class=\"e-con-inner\">\n\t\t<div class=\"elementor-element elementor-element-a2b2e5a e-con-full e-flex e-con e-child\" data-id=\"a2b2e5a\" data-element_type=\"container\" data-e-type=\"container\">\n\t\t\t\t<div class=\"elementor-element elementor-element-b3db7f4 elementor-widget elementor-widget-image\" data-id=\"b3db7f4\" data-element_type=\"widget\" data-e-type=\"widget\" data-widget_type=\"image.default\">\n\t\t\t\t<div class=\"elementor-widget-container\">\n\t\t\t\t\t\t\t\t\t\t\t\t\t\t\t<img fetchpriority=\"high\" decoding=\"async\" width=\"1024\" height=\"1024\" src=\"https:\/\/leadnow.ch\/wp-content\/uploads\/2025\/04\/1a3bcff4.png\" class=\"attachment-large size-large wp-image-4799\" alt=\"\" srcset=\"https:\/\/leadnow.ch\/wp-content\/uploads\/2025\/04\/1a3bcff4.png 1024w, https:\/\/leadnow.ch\/wp-content\/uploads\/2025\/04\/1a3bcff4-720x720.png 720w, https:\/\/leadnow.ch\/wp-content\/uploads\/2025\/04\/1a3bcff4-360x360.png 360w, https:\/\/leadnow.ch\/wp-content\/uploads\/2025\/04\/1a3bcff4-768x768.png 768w\" sizes=\"(max-width: 1024px) 100vw, 1024px\" loading=\"eager\" \/>\t\t\t\t\t\t\t\t\t\t\t\t\t\t\t<\/div>\n\t\t\t\t<\/div>\n\t\t\t\t<\/div>\n\t\t<div class=\"elementor-element elementor-element-585a3c9 e-con-full e-flex e-con e-child\" data-id=\"585a3c9\" data-element_type=\"container\" data-e-type=\"container\">\n\t\t\t\t<div class=\"elementor-element elementor-element-1cf603e elementor-widget elementor-widget-heading\" data-id=\"1cf603e\" data-element_type=\"widget\" data-e-type=\"widget\" data-widget_type=\"heading.default\">\n\t\t\t\t<div class=\"elementor-widget-container\">\n\t\t\t\t\t<h2 class=\"elementor-heading-title elementor-size-default\">Visualisation de la qualit\u00e9 du leadership et de l'efficacit\u00e9<\/h2>\t\t\t\t<\/div>\n\t\t\t\t<\/div>\n\t\t<div class=\"elementor-element elementor-element-d9bacd3 e-con-full e-flex e-con e-child\" data-id=\"d9bacd3\" data-element_type=\"container\" data-e-type=\"container\">\n\t\t\t\t<div class=\"elementor-element elementor-element-54fe412 elementor-widget elementor-widget-text-editor\" data-id=\"54fe412\" data-element_type=\"widget\" data-e-type=\"widget\" data-widget_type=\"text-editor.default\">\n\t\t\t\t<div class=\"elementor-widget-container\">\n\t\t\t\t\t\t\t\t\t<p>Que le leadership soit transactionnel, situationnel, coll\u00e9gial, participatif, etc. L&rsquo;important est qu&rsquo;elle soit efficace.<\/p>\t\t\t\t\t\t\t\t<\/div>\n\t\t\t\t<\/div>\n\t\t\t\t<div class=\"elementor-element elementor-element-b228d47 elementor-widget elementor-widget-text-editor\" data-id=\"b228d47\" data-element_type=\"widget\" data-e-type=\"widget\" data-widget_type=\"text-editor.default\">\n\t\t\t\t<div class=\"elementor-widget-container\">\n\t\t\t\t\t\t\t\t\t<p>Toutes les situations de leadership peuvent \u00eatre examin\u00e9es afin de d\u00e9terminer si elles sont efficaces. C&rsquo;est pr\u00e9cis\u00e9ment ce que montre le Leadnow Navigator : Il visualise l&rsquo;impact des actions de leadership (par exemple les self-services) et donne ainsi un feedback efficace au leader. Les commentaires anonymes de tous les cadres peuvent \u00eatre repr\u00e9sent\u00e9s sur le navigateur sous forme de nuages de points et donnent \u00e0 l&rsquo;organisation un feed-back sur la qualit\u00e9 du leadership.<\/p>\t\t\t\t\t\t\t\t<\/div>\n\t\t\t\t<\/div>\n\t\t\t\t<\/div>\n\t\t<div class=\"elementor-element elementor-element-3f28c9b e-flex e-con-boxed e-con e-child\" data-id=\"3f28c9b\" data-element_type=\"container\" data-e-type=\"container\">\n\t\t\t\t\t<div class=\"e-con-inner\">\n\t\t\t\t<div class=\"elementor-element elementor-element-539963b elementor-align-justify elementor-widget__width-inherit elementor-widget elementor-widget-button\" data-id=\"539963b\" data-element_type=\"widget\" data-e-type=\"widget\" data-widget_type=\"button.default\">\n\t\t\t\t<div class=\"elementor-widget-container\">\n\t\t\t\t\t\t\t\t\t<div class=\"elementor-button-wrapper\">\n\t\t\t\t\t<a class=\"elementor-button elementor-button-link elementor-size-sm\" href=\"https:\/\/leadnow.ch\/fr\/les-solutions\/\">\n\t\t\t\t\t\t<span class=\"elementor-button-content-wrapper\">\n\t\t\t\t\t\t\t\t\t<span class=\"elementor-button-text\">Solutions<\/span>\n\t\t\t\t\t<\/span>\n\t\t\t\t\t<\/a>\n\t\t\t\t<\/div>\n\t\t\t\t\t\t\t\t<\/div>\n\t\t\t\t<\/div>\n\t\t\t\t<div class=\"elementor-element elementor-element-81fff7d elementor-align-justify elementor-widget__width-inherit elementor-widget elementor-widget-button\" data-id=\"81fff7d\" data-element_type=\"widget\" data-e-type=\"widget\" data-widget_type=\"button.default\">\n\t\t\t\t<div class=\"elementor-widget-container\">\n\t\t\t\t\t\t\t\t\t<div class=\"elementor-button-wrapper\">\n\t\t\t\t\t<a class=\"elementor-button elementor-button-link elementor-size-sm\" href=\"https:\/\/leadnow.ch\/fr\/contact\/\">\n\t\t\t\t\t\t<span class=\"elementor-button-content-wrapper\">\n\t\t\t\t\t\t\t\t\t<span class=\"elementor-button-text\">Contact<\/span>\n\t\t\t\t\t<\/span>\n\t\t\t\t\t<\/a>\n\t\t\t\t<\/div>\n\t\t\t\t\t\t\t\t<\/div>\n\t\t\t\t<\/div>\n\t\t\t\t\t<\/div>\n\t\t\t\t<\/div>\n\t\t\t\t<\/div>\n\t\t\t\t\t<\/div>\n\t\t\t\t<\/div>\n\t\t\t\t<\/div>\n\t\t","protected":false},"excerpt":{"rendered":"<p>Visualisation de la qualit\u00e9 du leadership et de l&rsquo;efficacit\u00e9 Que le leadership soit transactionnel, situationnel, coll\u00e9gial, participatif, etc. L&rsquo;important est qu&rsquo;elle soit efficace. Toutes les situations de leadership peuvent \u00eatre examin\u00e9es afin de d\u00e9terminer si elles sont efficaces. C&rsquo;est pr\u00e9cis\u00e9ment ce que montre le Leadnow Navigator : Il visualise l&rsquo;impact des actions de leadership (par [&hellip;]<\/p>\n","protected":false},"author":1,"featured_media":0,"parent":2264,"menu_order":0,"comment_status":"closed","ping_status":"closed","template":"","meta":{"_acf_changed":false,"footnotes":""},"class_list":["post-1914","page","type-page","status-publish","hentry"],"blocksy_meta":[],"acf":[],"_links":{"self":[{"href":"https:\/\/leadnow.ch\/fr\/wp-json\/wp\/v2\/pages\/1914","targetHints":{"allow":["GET"]}}],"collection":[{"href":"https:\/\/leadnow.ch\/fr\/wp-json\/wp\/v2\/pages"}],"about":[{"href":"https:\/\/leadnow.ch\/fr\/wp-json\/wp\/v2\/types\/page"}],"author":[{"embeddable":true,"href":"https:\/\/leadnow.ch\/fr\/wp-json\/wp\/v2\/users\/1"}],"replies":[{"embeddable":true,"href":"https:\/\/leadnow.ch\/fr\/wp-json\/wp\/v2\/comments?post=1914"}],"version-history":[{"count":0,"href":"https:\/\/leadnow.ch\/fr\/wp-json\/wp\/v2\/pages\/1914\/revisions"}],"up":[{"embeddable":true,"href":"https:\/\/leadnow.ch\/fr\/wp-json\/wp\/v2\/pages\/2264"}],"wp:attachment":[{"href":"https:\/\/leadnow.ch\/fr\/wp-json\/wp\/v2\/media?parent=1914"}],"curies":[{"name":"wp","href":"https:\/\/api.w.org\/{rel}","templated":true}]}}