{"id":1911,"date":"2023-05-23T12:39:31","date_gmt":"2023-05-23T12:39:31","guid":{"rendered":"https:\/\/leadnow.ch\/mentions-legales\/"},"modified":"2025-04-11T14:57:26","modified_gmt":"2025-04-11T14:57:26","slug":"mentions-legales","status":"publish","type":"page","link":"https:\/\/leadnow.ch\/fr\/mentions-legales\/","title":{"rendered":"Mentions l\u00e9gales"},"content":{"rendered":"\t\t<div data-elementor-type=\"wp-page\" data-elementor-id=\"1911\" class=\"elementor elementor-1911 elementor-35\" data-elementor-post-type=\"page\">\n\t\t\t\t<div class=\"elementor-element elementor-element-62b2551 page-title-area e-flex e-con-boxed e-con e-parent\" data-id=\"62b2551\" data-element_type=\"container\" data-e-type=\"container\" data-settings=\"{&quot;background_background&quot;:&quot;gradient&quot;}\">\n\t\t\t\t\t<div class=\"e-con-inner\">\n\t\t\t\t<div class=\"elementor-element elementor-element-8c7372b elementor-widget__width-initial elementor-widget elementor-widget-heading\" data-id=\"8c7372b\" data-element_type=\"widget\" data-e-type=\"widget\" data-widget_type=\"heading.default\">\n\t\t\t\t<div class=\"elementor-widget-container\">\n\t\t\t\t\t<h1 class=\"elementor-heading-title elementor-size-default\">Mentions l\u00e9gales<\/h1>\t\t\t\t<\/div>\n\t\t\t\t<\/div>\n\t\t\t\t\t<\/div>\n\t\t\t\t<\/div>\n\t\t<div class=\"elementor-element elementor-element-9a2d6ba e-flex e-con-boxed e-con e-parent\" data-id=\"9a2d6ba\" data-element_type=\"container\" data-e-type=\"container\" data-settings=\"{&quot;background_background&quot;:&quot;classic&quot;}\">\n\t\t\t\t\t<div class=\"e-con-inner\">\n\t\t<div class=\"elementor-element elementor-element-b66e7b1 e-con-full e-flex e-con e-child\" data-id=\"b66e7b1\" data-element_type=\"container\" data-e-type=\"container\">\n\t\t\t\t<div class=\"elementor-element elementor-element-db4903e elementor-widget elementor-widget-text-editor\" data-id=\"db4903e\" data-element_type=\"widget\" data-e-type=\"widget\" data-widget_type=\"text-editor.default\">\n\t\t\t\t<div class=\"elementor-widget-container\">\n\t\t\t\t\t\t\t\t\t<article id=\"post-3\" class=\"post-3 page type-page status-publish hentry\">\n<div class=\"entry-content is-layout-constrained\">\n<h2 class=\"wp-block-heading\"><\/h2>\n<p>Le responsable du contenu du site est<\/p>\n<h2 class=\"wp-block-heading\"><\/h2>\n<p>Leadnow GmbH <br \/>Hermetschloostrasse 70<br \/>8048 Zurich <br \/>Suisse<\/p>\n<h2 class=\"wp-block-heading\"><\/h2>\n<p>Repr\u00e9sent\u00e9 par : Stefan Heer (Directeur g\u00e9n\u00e9ral)<\/p>\n<h2 class=\"wp-block-heading\"><\/h2>\n<p>Contact :<\/p>\n<h2 class=\"wp-block-heading\"><\/h2>\n<p>T\u00e9l\u00e9phone : +41 44 515 70 87 E-mail : <a href=\"mailto:info@leadnow.ch\">info@leadnow.ch<\/a><\/p>\n<h2 class=\"wp-block-heading\"><\/h2>\n<p>Inscrit au <a href=\"https:\/\/www.zefix.ch\/de\/search\/entity\/list\/firm\/1469332\" target=\"_blank\" rel=\"noreferrer noopener\">registre du commerce<\/a>: CH-020.4.072.896-4<\/p>\n<h2 class=\"wp-block-heading\"><\/h2>\n<p>Num\u00e9ro d&rsquo;identification de la taxe sur le chiffre d&rsquo;affaires : CHE-441.992.052<\/p>\n<h2 class=\"wp-block-heading\"><\/h2>\n<p><strong>Si vous avez des questions, nous serons ravis de vous aider !<\/strong><\/p>\n<\/div>\n<\/article>\t\t\t\t\t\t\t\t<\/div>\n\t\t\t\t<\/div>\n\t\t\t\t<\/div>\n\t\t<div class=\"elementor-element elementor-element-aabf458 e-con-full e-flex e-con e-child\" data-id=\"aabf458\" data-element_type=\"container\" data-e-type=\"container\">\n\t\t\t\t<div class=\"elementor-element elementor-element-273db4a elementor-mobile-align-justify elementor-widget elementor-widget-button\" data-id=\"273db4a\" data-element_type=\"widget\" data-e-type=\"widget\" data-widget_type=\"button.default\">\n\t\t\t\t<div class=\"elementor-widget-container\">\n\t\t\t\t\t\t\t\t\t<div class=\"elementor-button-wrapper\">\n\t\t\t\t\t<a class=\"elementor-button elementor-button-link elementor-size-sm\" href=\"https:\/\/leadnow.ch\/fr\/contact\/\">\n\t\t\t\t\t\t<span class=\"elementor-button-content-wrapper\">\n\t\t\t\t\t\t\t\t\t<span class=\"elementor-button-text\">Contact<\/span>\n\t\t\t\t\t<\/span>\n\t\t\t\t\t<\/a>\n\t\t\t\t<\/div>\n\t\t\t\t\t\t\t\t<\/div>\n\t\t\t\t<\/div>\n\t\t\t\t<\/div>\n\t\t\t\t\t<\/div>\n\t\t\t\t<\/div>\n\t\t\t\t<\/div>\n\t\t","protected":false},"excerpt":{"rendered":"<p>Le responsable du contenu du site est Leadnow GmbH Hermetschloostrasse 708048 Zurich Suisse Repr\u00e9sent\u00e9 par : Stefan Heer (Directeur g\u00e9n\u00e9ral) Contact : T\u00e9l\u00e9phone : +41 44 515 70 87 E-mail : info@leadnow.ch Inscrit au registre du commerce: CH-020.4.072.896-4 Num\u00e9ro d&rsquo;identification de la taxe sur le chiffre d&rsquo;affaires : CHE-441.992.052 Si vous avez des questions, nous [&hellip;]<\/p>\n","protected":false},"author":2,"featured_media":0,"parent":0,"menu_order":0,"comment_status":"closed","ping_status":"closed","template":"","meta":{"_acf_changed":false,"footnotes":""},"class_list":["post-1911","page","type-page","status-publish","hentry"],"blocksy_meta":[],"acf":[],"_links":{"self":[{"href":"https:\/\/leadnow.ch\/fr\/wp-json\/wp\/v2\/pages\/1911","targetHints":{"allow":["GET"]}}],"collection":[{"href":"https:\/\/leadnow.ch\/fr\/wp-json\/wp\/v2\/pages"}],"about":[{"href":"https:\/\/leadnow.ch\/fr\/wp-json\/wp\/v2\/types\/page"}],"author":[{"embeddable":true,"href":"https:\/\/leadnow.ch\/fr\/wp-json\/wp\/v2\/users\/2"}],"replies":[{"embeddable":true,"href":"https:\/\/leadnow.ch\/fr\/wp-json\/wp\/v2\/comments?post=1911"}],"version-history":[{"count":0,"href":"https:\/\/leadnow.ch\/fr\/wp-json\/wp\/v2\/pages\/1911\/revisions"}],"wp:attachment":[{"href":"https:\/\/leadnow.ch\/fr\/wp-json\/wp\/v2\/media?parent=1911"}],"curies":[{"name":"wp","href":"https:\/\/api.w.org\/{rel}","templated":true}]}}