{"id":1908,"date":"2024-08-28T13:18:17","date_gmt":"2024-08-28T13:18:17","guid":{"rendered":"https:\/\/leadnow.ch\/guide-du-dirigeant\/"},"modified":"2025-04-14T13:48:58","modified_gmt":"2025-04-14T13:48:58","slug":"manuel-de-leadership","status":"publish","type":"page","link":"https:\/\/leadnow.ch\/fr\/les-solutions\/manuel-de-leadership\/","title":{"rendered":"Manuel de Leadership"},"content":{"rendered":"\t\t<div data-elementor-type=\"wp-page\" data-elementor-id=\"1908\" class=\"elementor elementor-1908 elementor-969\" data-elementor-post-type=\"page\">\n\t\t\t\t<div class=\"elementor-element elementor-element-ac3e9ad page-title-area e-flex e-con-boxed e-con e-parent\" data-id=\"ac3e9ad\" data-element_type=\"container\" data-e-type=\"container\" data-settings=\"{&quot;background_background&quot;:&quot;gradient&quot;}\">\n\t\t\t\t\t<div class=\"e-con-inner\">\n\t\t\t\t<div class=\"elementor-element elementor-element-e3509e0 elementor-widget__width-initial elementor-widget elementor-widget-heading\" data-id=\"e3509e0\" data-element_type=\"widget\" data-e-type=\"widget\" data-widget_type=\"heading.default\">\n\t\t\t\t<div class=\"elementor-widget-container\">\n\t\t\t\t\t<h1 class=\"elementor-heading-title elementor-size-default\">Manuel de Leadership<\/h1>\t\t\t\t<\/div>\n\t\t\t\t<\/div>\n\t\t\t\t\t<\/div>\n\t\t\t\t<\/div>\n\t\t<div class=\"elementor-element elementor-element-aed456f e-flex e-con-boxed e-con e-parent\" data-id=\"aed456f\" data-element_type=\"container\" data-e-type=\"container\" data-settings=\"{&quot;background_background&quot;:&quot;classic&quot;}\">\n\t\t\t\t\t<div class=\"e-con-inner\">\n\t\t<div class=\"elementor-element elementor-element-35de468 e-con-full e-flex e-con e-child\" data-id=\"35de468\" data-element_type=\"container\" data-e-type=\"container\">\n\t\t\t\t<div class=\"elementor-element elementor-element-ce3ca4a elementor-widget elementor-widget-image\" data-id=\"ce3ca4a\" data-element_type=\"widget\" data-e-type=\"widget\" data-widget_type=\"image.default\">\n\t\t\t\t<div class=\"elementor-widget-container\">\n\t\t\t\t\t\t\t\t\t\t\t\t\t\t\t<img fetchpriority=\"high\" decoding=\"async\" width=\"1024\" height=\"1024\" src=\"https:\/\/leadnow.ch\/wp-content\/uploads\/2025\/04\/63c5a6fa.png\" class=\"attachment-large size-large wp-image-4813\" alt=\"\" srcset=\"https:\/\/leadnow.ch\/wp-content\/uploads\/2025\/04\/63c5a6fa.png 1024w, https:\/\/leadnow.ch\/wp-content\/uploads\/2025\/04\/63c5a6fa-720x720.png 720w, https:\/\/leadnow.ch\/wp-content\/uploads\/2025\/04\/63c5a6fa-360x360.png 360w, https:\/\/leadnow.ch\/wp-content\/uploads\/2025\/04\/63c5a6fa-768x768.png 768w\" sizes=\"(max-width: 1024px) 100vw, 1024px\" loading=\"eager\" \/>\t\t\t\t\t\t\t\t\t\t\t\t\t\t\t<\/div>\n\t\t\t\t<\/div>\n\t\t\t\t<\/div>\n\t\t<div class=\"elementor-element elementor-element-96f096d e-con-full e-flex e-con e-child\" data-id=\"96f096d\" data-element_type=\"container\" data-e-type=\"container\">\n\t\t\t\t<div class=\"elementor-element elementor-element-67bcf07 elementor-widget elementor-widget-heading\" data-id=\"67bcf07\" data-element_type=\"widget\" data-e-type=\"widget\" data-widget_type=\"heading.default\">\n\t\t\t\t<div class=\"elementor-widget-container\">\n\t\t\t\t\t<h2 class=\"elementor-heading-title elementor-size-default\">Am\u00e9liorez vos comp\u00e9tences en mati\u00e8re de leadership<\/h2>\t\t\t\t<\/div>\n\t\t\t\t<\/div>\n\t\t<div class=\"elementor-element elementor-element-24fe21a e-con-full e-flex e-con e-child\" data-id=\"24fe21a\" data-element_type=\"container\" data-e-type=\"container\">\n\t\t\t\t<div class=\"elementor-element elementor-element-21fa7ac elementor-widget elementor-widget-text-editor\" data-id=\"21fa7ac\" data-element_type=\"widget\" data-e-type=\"widget\" data-widget_type=\"text-editor.default\">\n\t\t\t\t<div class=\"elementor-widget-container\">\n\t\t\t\t\t\t\t\t\t<p>Le Guide du leadership Leadnow fournit des instructions sur les principales t\u00e2ches de leadership et fournit des instructions d\u00e9taill\u00e9es pour diff\u00e9rentes situations de leadership. Il est disponible en ligne, avec une version de base en acc\u00e8s libre. Il contient des articles et des instructions sur tous les sujets de leadership importants. Les entreprises clientes peuvent acc\u00e9der \u00e0 des contenus suppl\u00e9mentaires sp\u00e9cifiques \u00e0 leur entreprise, qui approfondissent certains sujets et offrent ainsi une exp\u00e9rience plus compl\u00e8te.<\/p>\t\t\t\t\t\t\t\t<\/div>\n\t\t\t\t<\/div>\n\t\t\t\t<\/div>\n\t\t<div class=\"elementor-element elementor-element-57e95aa e-flex e-con-boxed e-con e-child\" data-id=\"57e95aa\" data-element_type=\"container\" data-e-type=\"container\">\n\t\t\t\t\t<div class=\"e-con-inner\">\n\t\t\t\t<div class=\"elementor-element elementor-element-8183b7a elementor-align-justify elementor-widget__width-initial elementor-widget elementor-widget-button\" data-id=\"8183b7a\" data-element_type=\"widget\" data-e-type=\"widget\" data-widget_type=\"button.default\">\n\t\t\t\t<div class=\"elementor-widget-container\">\n\t\t\t\t\t\t\t\t\t<div class=\"elementor-button-wrapper\">\n\t\t\t\t\t<a class=\"elementor-button elementor-button-link elementor-size-sm\" href=\"#elementor-action%3Aaction%3Dpopup%3Aopen%26settings%3DeyJpZCI6NDY3MCwidG9nZ2xlIjpmYWxzZX0%3D\">\n\t\t\t\t\t\t<span class=\"elementor-button-content-wrapper\">\n\t\t\t\t\t\t\t\t\t<span class=\"elementor-button-text\">Ouvrir le livre<\/span>\n\t\t\t\t\t<\/span>\n\t\t\t\t\t<\/a>\n\t\t\t\t<\/div>\n\t\t\t\t\t\t\t\t<\/div>\n\t\t\t\t<\/div>\n\t\t\t\t\t<\/div>\n\t\t\t\t<\/div>\n\t\t\t\t<\/div>\n\t\t\t\t\t<\/div>\n\t\t\t\t<\/div>\n\t\t\t\t<\/div>\n\t\t","protected":false},"excerpt":{"rendered":"<p>Am\u00e9liorez vos comp\u00e9tences en mati\u00e8re de leadership Le Guide du leadership Leadnow fournit des instructions sur les principales t\u00e2ches de leadership et fournit des instructions d\u00e9taill\u00e9es pour diff\u00e9rentes situations de leadership. Il est disponible en ligne, avec une version de base en acc\u00e8s libre. Il contient des articles et des instructions sur tous les sujets [&hellip;]<\/p>\n","protected":false},"author":1,"featured_media":0,"parent":2264,"menu_order":0,"comment_status":"closed","ping_status":"closed","template":"","meta":{"_acf_changed":false,"footnotes":""},"class_list":["post-1908","page","type-page","status-publish","hentry"],"blocksy_meta":[],"acf":[],"_links":{"self":[{"href":"https:\/\/leadnow.ch\/fr\/wp-json\/wp\/v2\/pages\/1908","targetHints":{"allow":["GET"]}}],"collection":[{"href":"https:\/\/leadnow.ch\/fr\/wp-json\/wp\/v2\/pages"}],"about":[{"href":"https:\/\/leadnow.ch\/fr\/wp-json\/wp\/v2\/types\/page"}],"author":[{"embeddable":true,"href":"https:\/\/leadnow.ch\/fr\/wp-json\/wp\/v2\/users\/1"}],"replies":[{"embeddable":true,"href":"https:\/\/leadnow.ch\/fr\/wp-json\/wp\/v2\/comments?post=1908"}],"version-history":[{"count":0,"href":"https:\/\/leadnow.ch\/fr\/wp-json\/wp\/v2\/pages\/1908\/revisions"}],"up":[{"embeddable":true,"href":"https:\/\/leadnow.ch\/fr\/wp-json\/wp\/v2\/pages\/2264"}],"wp:attachment":[{"href":"https:\/\/leadnow.ch\/fr\/wp-json\/wp\/v2\/media?parent=1908"}],"curies":[{"name":"wp","href":"https:\/\/api.w.org\/{rel}","templated":true}]}}